{"id":114,"date":"2026-01-29T16:23:47","date_gmt":"2026-01-29T16:23:47","guid":{"rendered":"https:\/\/www.echirollesensemble.fr\/?page_id=114"},"modified":"2026-02-11T07:50:26","modified_gmt":"2026-02-11T07:50:26","slug":"le-programme","status":"publish","type":"page","link":"https:\/\/www.echirollesensemble.fr\/index.php\/le-programme\/","title":{"rendered":"Notre programme"},"content":{"rendered":"\n<section id=\"services\" class=\"wp-block-themeisle-blocks-advanced-columns alignfull has-1-columns has-desktop-equal-layout has-tablet-equal-layout has-mobile-equal-layout has-vertical-flex-start has-light-bg\"><div class=\"wp-block-themeisle-blocks-advanced-columns-overlay\"><\/div><div class=\"innerblocks-wrap\">\n<div id=\"wp-block-themeisle-blocks-advanced-column-9642dc3f\" class=\"wp-block-themeisle-blocks-advanced-column\">\n<section id=\"wp-block-themeisle-blocks-advanced-columns-c568fbc0\" class=\"wp-block-themeisle-blocks-advanced-columns has-2-columns has-desktop-equal-layout has-tablet-equal-layout has-mobile-collapsedRows-layout has-vertical-flex-start has-light-bg animated slideInDown\"><div class=\"wp-block-themeisle-blocks-advanced-columns-overlay\"><\/div><div class=\"innerblocks-wrap\">\n<div id=\"wp-block-themeisle-blocks-advanced-column-a0efaca1\" class=\"wp-block-themeisle-blocks-advanced-column has-light-bg\">\n<figure class=\"wp-block-image size-large has-custom-border\"><img loading=\"lazy\" decoding=\"async\" width=\"1024\" height=\"586\" src=\"https:\/\/www.echirollesensemble.fr\/wp-content\/uploads\/2026\/02\/Banquet-des-anciens-1024x586.png\" alt=\"\" class=\"wp-image-458\" style=\"border-style:none;border-width:0px;border-radius:0px;aspect-ratio:4\/3;object-fit:cover\" srcset=\"https:\/\/www.echirollesensemble.fr\/wp-content\/uploads\/2026\/02\/Banquet-des-anciens-1024x586.png 1024w, https:\/\/www.echirollesensemble.fr\/wp-content\/uploads\/2026\/02\/Banquet-des-anciens-300x172.png 300w, https:\/\/www.echirollesensemble.fr\/wp-content\/uploads\/2026\/02\/Banquet-des-anciens-768x440.png 768w, https:\/\/www.echirollesensemble.fr\/wp-content\/uploads\/2026\/02\/Banquet-des-anciens.png 1237w\" sizes=\"auto, (max-width: 1024px) 100vw, 1024px\" \/><\/figure>\n\n\n\n<div id=\"wp-block-themeisle-blocks-advanced-columns-9ba29e73\" class=\"wp-block-themeisle-blocks-advanced-columns has-1-columns has-desktop-equal-layout has-tablet-equal-layout has-mobile-equal-layout has-vertical-unset has-default-gap\"><div class=\"wp-block-themeisle-blocks-advanced-columns-overlay\"><\/div><div class=\"innerblocks-wrap\">\n<div id=\"wp-block-themeisle-blocks-advanced-column-ff89ae48\" class=\"wp-block-themeisle-blocks-advanced-column\">\n<div id=\"wp-block-themeisle-blocks-font-awesome-icons-19acf18b\" class=\"wp-block-themeisle-blocks-font-awesome-icons\"><span class=\"wp-block-themeisle-blocks-font-awesome-icons-container\"><i class=\"fas fa-hands-helping\"><\/i><\/span><\/div>\n\n\n\n<h4 class=\"wp-block-heading has-text-color has-link-color wp-elements-67a47d2ac0bb8bf96fbbcc6220c4d990\" style=\"color:#070731;margin-top:0px\">Pour une ville protectrice &amp; solidaire<\/h4>\n\n\n\n<p class=\"has-text-color has-link-color wp-elements-4c9c6becabe8f1b7135d924f8acc4159\" style=\"color:#070731;font-size:15px\">Une ville doit \u00eatre un bouclier face aux difficult\u00e9s, dans une p\u00e9riode o\u00f9 tout augmente et o\u00f9 les in\u00e9galit\u00e9s se creusent. Une ville qui prot\u00e8ge est une ville qui prend soin et lutte contre le renoncement aux soins, faute de m\u00e9decins ou de moyens. Une ville protectrice agit au quotidien par une lutte d\u00e9termin\u00e9e contre les incivilit\u00e9s et la d\u00e9linquance pour am\u00e9liorer notre qualit\u00e9 de vie et notre quotidien.<\/p>\n\n\n\n<div class=\"wp-block-buttons is-content-justification-center is-layout-flex wp-container-core-buttons-is-layout-8f873b7e wp-block-buttons-is-layout-flex\" style=\"margin-top:var(--wp--preset--spacing--50);margin-bottom:var(--wp--preset--spacing--50);padding-top:var(--wp--preset--spacing--30);padding-bottom:var(--wp--preset--spacing--30)\">\n<div class=\"wp-block-button\"><a class=\"wp-block-button__link has-navbar-background-color has-text-color has-background has-link-color has-small-font-size has-custom-font-size wp-element-button\" href=\"https:\/\/www.echirollesensemble.fr\/index.php\/pour-une-ville-protectrice-solidaire\/\" style=\"background:linear-gradient(135deg,rgb(112,66,139) 0%,rgb(144,213,210) 100%)\">En savoir plus<\/a><\/div>\n<\/div>\n\n\n\n<div style=\"height:20px\" aria-hidden=\"true\" class=\"wp-block-spacer\"><\/div>\n<\/div>\n<\/div><\/div>\n<\/div>\n\n\n\n<div id=\"wp-block-themeisle-blocks-advanced-column-40db6121\" class=\"wp-block-themeisle-blocks-advanced-column has-light-bg\">\n<figure class=\"wp-block-image size-large has-custom-border\"><img loading=\"lazy\" decoding=\"async\" width=\"1024\" height=\"565\" src=\"https:\/\/www.echirollesensemble.fr\/wp-content\/uploads\/2026\/02\/Jardins-partages-1024x565.png\" alt=\"\" class=\"wp-image-459\" style=\"border-style:none;border-width:0px;border-radius:0px;aspect-ratio:4\/3;object-fit:cover\" srcset=\"https:\/\/www.echirollesensemble.fr\/wp-content\/uploads\/2026\/02\/Jardins-partages-1024x565.png 1024w, https:\/\/www.echirollesensemble.fr\/wp-content\/uploads\/2026\/02\/Jardins-partages-300x166.png 300w, https:\/\/www.echirollesensemble.fr\/wp-content\/uploads\/2026\/02\/Jardins-partages-768x424.png 768w, https:\/\/www.echirollesensemble.fr\/wp-content\/uploads\/2026\/02\/Jardins-partages.png 1236w\" sizes=\"auto, (max-width: 1024px) 100vw, 1024px\" \/><\/figure>\n\n\n\n<div id=\"wp-block-themeisle-blocks-advanced-columns-23f47e1b\" class=\"wp-block-themeisle-blocks-advanced-columns has-1-columns has-desktop-equal-layout has-tablet-equal-layout has-mobile-equal-layout has-vertical-unset has-default-gap\"><div class=\"wp-block-themeisle-blocks-advanced-columns-overlay\"><\/div><div class=\"innerblocks-wrap\">\n<div id=\"wp-block-themeisle-blocks-advanced-column-c84a296a\" class=\"wp-block-themeisle-blocks-advanced-column\">\n<div id=\"wp-block-themeisle-blocks-font-awesome-icons-1d243bc0\" class=\"wp-block-themeisle-blocks-font-awesome-icons\"><span class=\"wp-block-themeisle-blocks-font-awesome-icons-container\"><i class=\"fab fa-envira\"><\/i><\/span><\/div>\n\n\n\n<h4 class=\"wp-block-heading has-text-color has-link-color wp-elements-3db9ca459fb4fd98e3866313b1839c8d\" style=\"color:#070731;margin-top:0px\">Pour une ville durable &amp; \u00e9cologique<\/h4>\n\n\n\n<p class=\"has-text-color has-link-color wp-elements-066aee7234f86b7e52439bc969398276\" style=\"color:#070731;font-size:15px\">Nous voulons une \u00e9cologie concr\u00e8te, qui am\u00e9liore la vie de toutes et tous : depuis nos fen\u00eatres, dans nos rues et au pied de nos immeubles. Le d\u00e9r\u00e8glement climatique impacte d\u00e9j\u00e0 notre quotidien. Nous devons agir avec d\u00e9termination en v\u00e9g\u00e9talisant davantage la ville, en cr\u00e9ant des \u00eelots de fra\u00eecheur, en am\u00e9nageant d\u00e8s aujourd\u2019hui notre territoire pour anticiper l\u2019avenir, en favorisant la r\u00e9novation thermique des b\u00e2timents publics et la production locale d\u2019\u00e9nergie d\u00e9carbon\u00e9e.<\/p>\n\n\n\n<div class=\"wp-block-buttons is-content-justification-center is-layout-flex wp-container-core-buttons-is-layout-d234f690 wp-block-buttons-is-layout-flex\" style=\"margin-top:var(--wp--preset--spacing--50);margin-bottom:var(--wp--preset--spacing--50)\">\n<div class=\"wp-block-button\"><a class=\"wp-block-button__link has-navbar-background-color has-text-color has-background has-link-color has-small-font-size has-custom-font-size wp-element-button\" href=\"https:\/\/www.echirollesensemble.fr\/index.php\/pour-une-ville-durable-ecologique\/\" style=\"background:linear-gradient(135deg,rgb(112,66,139) 0%,rgb(144,213,210) 100%)\">En savoir plus<\/a><\/div>\n<\/div>\n\n\n\n<div style=\"height:20px\" aria-hidden=\"true\" class=\"wp-block-spacer\"><\/div>\n<\/div>\n<\/div><\/div>\n<\/div>\n<\/div><\/section>\n\n\n\n<div style=\"height:20px\" aria-hidden=\"true\" class=\"wp-block-spacer\"><\/div>\n\n\n\n<section id=\"wp-block-themeisle-blocks-advanced-columns-875ace6e\" class=\"wp-block-themeisle-blocks-advanced-columns has-3-columns has-desktop-equal-layout has-tablet-equal-layout has-mobile-collapsedRows-layout has-vertical-flex-start animated fadeInUp\"><div class=\"wp-block-themeisle-blocks-advanced-columns-overlay\"><\/div><div class=\"innerblocks-wrap\">\n<div id=\"wp-block-themeisle-blocks-advanced-column-23aa970e\" class=\"wp-block-themeisle-blocks-advanced-column has-light-bg\">\n<figure class=\"wp-block-image size-full has-custom-border\"><img loading=\"lazy\" decoding=\"async\" width=\"1237\" height=\"706\" src=\"https:\/\/www.echirollesensemble.fr\/wp-content\/uploads\/2026\/02\/TempoLibre.png\" alt=\"\" class=\"wp-image-460\" style=\"border-style:none;border-width:0px;border-radius:0px;aspect-ratio:3\/2;object-fit:cover\" srcset=\"https:\/\/www.echirollesensemble.fr\/wp-content\/uploads\/2026\/02\/TempoLibre.png 1237w, https:\/\/www.echirollesensemble.fr\/wp-content\/uploads\/2026\/02\/TempoLibre-300x171.png 300w, https:\/\/www.echirollesensemble.fr\/wp-content\/uploads\/2026\/02\/TempoLibre-1024x584.png 1024w, https:\/\/www.echirollesensemble.fr\/wp-content\/uploads\/2026\/02\/TempoLibre-768x438.png 768w\" sizes=\"auto, (max-width: 1237px) 100vw, 1237px\" \/><\/figure>\n\n\n\n<div id=\"wp-block-themeisle-blocks-advanced-columns-b6f16303\" class=\"wp-block-themeisle-blocks-advanced-columns has-1-columns has-desktop-equal-layout has-tablet-equal-layout has-mobile-equal-layout has-vertical-unset has-default-gap\"><div class=\"wp-block-themeisle-blocks-advanced-columns-overlay\"><\/div><div class=\"innerblocks-wrap\">\n<div id=\"wp-block-themeisle-blocks-advanced-column-d16cfe5d\" class=\"wp-block-themeisle-blocks-advanced-column\">\n<div id=\"wp-block-themeisle-blocks-font-awesome-icons-89581262\" class=\"wp-block-themeisle-blocks-font-awesome-icons\"><span class=\"wp-block-themeisle-blocks-font-awesome-icons-container\"><i class=\"fas fa-pencil-alt\"><\/i><\/span><\/div>\n\n\n\n<h4 class=\"wp-block-heading has-text-color has-link-color wp-elements-7e31e48ea23ff064d83f934abea02331\" style=\"color:#070731;margin-top:0px\">Pour une ville \u00e9mancipatrice &amp; citoyenne<\/h4>\n\n\n\n<p class=\"has-text-color has-link-color wp-elements-a183fc7c635e47f8623a74b160b9eafc\" style=\"color:#070731;font-size:15px\">Le sport, la culture et l\u2019\u00e9ducation sont les piliers d\u2019une ville \u00e9mancipatrice. \u00c9chirolles est une ville \u00e9quip\u00e9e, structur\u00e9e et dynamique. Nous devons continuer \u00e0 soutenir et d\u00e9velopper les actions port\u00e9es par la ville, les clubs et les nombreuses associations, et placer l\u2019\u00e9ducation au c\u0153ur de notre projet.<\/p>\n\n\n\n<div class=\"wp-block-buttons is-content-justification-center is-layout-flex wp-container-core-buttons-is-layout-d234f690 wp-block-buttons-is-layout-flex\" style=\"margin-top:var(--wp--preset--spacing--50);margin-bottom:var(--wp--preset--spacing--50)\">\n<div class=\"wp-block-button\"><a class=\"wp-block-button__link has-white-color has-text-color has-background has-link-color has-small-font-size has-custom-font-size wp-element-button\" href=\"https:\/\/www.echirollesensemble.fr\/index.php\/pour-une-ville-emancipatrice-citoyenne\/\" style=\"background:linear-gradient(135deg,rgb(112,66,139) 0%,rgb(144,213,210) 100%)\">En savoir plus<\/a><\/div>\n<\/div>\n\n\n\n<div style=\"height:20px\" aria-hidden=\"true\" class=\"wp-block-spacer\"><\/div>\n<\/div>\n<\/div><\/div>\n<\/div>\n\n\n\n<div id=\"wp-block-themeisle-blocks-advanced-column-44794dea\" class=\"wp-block-themeisle-blocks-advanced-column has-light-bg\">\n<figure class=\"wp-block-image size-full has-custom-border\"><img loading=\"lazy\" decoding=\"async\" width=\"1238\" height=\"755\" src=\"https:\/\/www.echirollesensemble.fr\/wp-content\/uploads\/2026\/02\/Assemblees-des-quartiers-1.png\" alt=\"\" class=\"wp-image-462\" style=\"border-style:none;border-width:0px;border-radius:0px;aspect-ratio:3\/2;object-fit:cover\" srcset=\"https:\/\/www.echirollesensemble.fr\/wp-content\/uploads\/2026\/02\/Assemblees-des-quartiers-1.png 1238w, https:\/\/www.echirollesensemble.fr\/wp-content\/uploads\/2026\/02\/Assemblees-des-quartiers-1-300x183.png 300w, https:\/\/www.echirollesensemble.fr\/wp-content\/uploads\/2026\/02\/Assemblees-des-quartiers-1-1024x624.png 1024w, https:\/\/www.echirollesensemble.fr\/wp-content\/uploads\/2026\/02\/Assemblees-des-quartiers-1-768x468.png 768w\" sizes=\"auto, (max-width: 1238px) 100vw, 1238px\" \/><\/figure>\n\n\n\n<div id=\"wp-block-themeisle-blocks-advanced-columns-116c2739\" class=\"wp-block-themeisle-blocks-advanced-columns has-1-columns has-desktop-equal-layout has-tablet-equal-layout has-mobile-equal-layout has-vertical-unset has-default-gap\"><div class=\"wp-block-themeisle-blocks-advanced-columns-overlay\"><\/div><div class=\"innerblocks-wrap\">\n<div id=\"wp-block-themeisle-blocks-advanced-column-5fdfc19c\" class=\"wp-block-themeisle-blocks-advanced-column\">\n<div id=\"wp-block-themeisle-blocks-font-awesome-icons-5f16ecd8\" class=\"wp-block-themeisle-blocks-font-awesome-icons\"><span class=\"wp-block-themeisle-blocks-font-awesome-icons-container\"><i class=\"fas fa-hand-holding-heart\"><\/i><\/span><\/div>\n\n\n\n<h4 class=\"wp-block-heading has-text-color has-link-color wp-elements-3817040729382309e47d07912414e453\" style=\"color:#070731;margin-top:0px\">Pour une ville du quotidien<\/h4>\n\n\n\n<p class=\"has-text-color has-link-color wp-elements-05b2f5d645e6110c4616eeff0ce70880\" style=\"color:#070731;font-size:15px\">Nous voulons une ville de la quotidiennet\u00e9, capable de r\u00e9pondre rapidement aux d\u00e9sagr\u00e9ments qui nuisent au cadre de vie : en bas de chez soi, dans son quartier ou aux abords de son lieu de travail. La r\u00e9activit\u00e9 des services publics est essentielle pour am\u00e9liorer la qualit\u00e9 de vie. Une ville du quotidien s&rsquo;est aussi les forces vives qui l&rsquo;animent et la font vivre, sa dynamique associative, les b\u00e9n\u00e9voles, les citoyennes et citoyens engag\u00e9s pour leur quartier, pour leur territoire, pour une cause juste. Celles et ceux qui font le bien vivre-ensemble.<\/p>\n\n\n\n<div class=\"wp-block-buttons is-content-justification-center is-layout-flex wp-container-core-buttons-is-layout-d234f690 wp-block-buttons-is-layout-flex\" style=\"margin-top:var(--wp--preset--spacing--50);margin-bottom:var(--wp--preset--spacing--50)\">\n<div class=\"wp-block-button\"><a class=\"wp-block-button__link has-white-color has-text-color has-background has-link-color has-small-font-size has-custom-font-size wp-element-button\" href=\"https:\/\/www.echirollesensemble.fr\/index.php\/pour-une-ville-du-quotidien\/\" style=\"background:linear-gradient(135deg,rgb(112,66,139) 0%,rgb(144,213,210) 100%)\">En savoir plus<\/a><\/div>\n<\/div>\n\n\n\n<div style=\"height:20px\" aria-hidden=\"true\" class=\"wp-block-spacer\"><\/div>\n<\/div>\n<\/div><\/div>\n<\/div>\n\n\n\n<div id=\"wp-block-themeisle-blocks-advanced-column-46f48f5c\" class=\"wp-block-themeisle-blocks-advanced-column has-light-bg\">\n<figure class=\"wp-block-image size-full has-custom-border\"><img loading=\"lazy\" decoding=\"async\" width=\"1237\" height=\"844\" src=\"https:\/\/www.echirollesensemble.fr\/wp-content\/uploads\/2026\/02\/Marche.png\" alt=\"\" class=\"wp-image-463\" style=\"border-style:none;border-width:0px;border-radius:0px;aspect-ratio:3\/2;object-fit:cover\" srcset=\"https:\/\/www.echirollesensemble.fr\/wp-content\/uploads\/2026\/02\/Marche.png 1237w, https:\/\/www.echirollesensemble.fr\/wp-content\/uploads\/2026\/02\/Marche-300x205.png 300w, https:\/\/www.echirollesensemble.fr\/wp-content\/uploads\/2026\/02\/Marche-1024x699.png 1024w, https:\/\/www.echirollesensemble.fr\/wp-content\/uploads\/2026\/02\/Marche-768x524.png 768w\" sizes=\"auto, (max-width: 1237px) 100vw, 1237px\" \/><\/figure>\n\n\n\n<div id=\"wp-block-themeisle-blocks-advanced-columns-400ca88a\" class=\"wp-block-themeisle-blocks-advanced-columns has-1-columns has-desktop-equal-layout has-tablet-equal-layout has-mobile-equal-layout has-vertical-unset has-default-gap\"><div class=\"wp-block-themeisle-blocks-advanced-columns-overlay\"><\/div><div class=\"innerblocks-wrap\">\n<div id=\"wp-block-themeisle-blocks-advanced-column-8ea330f3\" class=\"wp-block-themeisle-blocks-advanced-column\">\n<div id=\"wp-block-themeisle-blocks-font-awesome-icons-a2cb57ba\" class=\"wp-block-themeisle-blocks-font-awesome-icons\"><span class=\"wp-block-themeisle-blocks-font-awesome-icons-container\"><i class=\"fas fa-city\"><\/i><\/span><\/div>\n\n\n\n<h4 class=\"wp-block-heading has-text-color has-link-color wp-elements-13b955b5d26ff3892e820f182282e417\" style=\"color:#070731;margin-top:0px\">Pour une ville m\u00e9tropolitaine bien g\u00e9r\u00e9e<\/h4>\n\n\n\n<p class=\"has-text-color has-link-color wp-elements-db595b6063a0a87e606c66bd9a3b8051\" style=\"color:#070731;font-size:15px\">Avec la cr\u00e9ation de la M\u00e9tropole, il y a plus de 10 ans, notre ville peut porter des projets ambitieux pour notre territoire, mais aussi<br>agir concr\u00e8tement sur le quotidien, notamment en mati\u00e8re de voirie et de mobilit\u00e9s. Nous d\u00e9fendrons une m\u00e9tropole plus \u00e0 l\u2019\u00e9coute des territoires, des communes et des besoins des habitants et habitantes.<\/p>\n\n\n\n<div class=\"wp-block-buttons is-content-justification-center is-layout-flex wp-container-core-buttons-is-layout-a259e531 wp-block-buttons-is-layout-flex\" style=\"margin-top:var(--wp--preset--spacing--50);margin-bottom:var(--wp--preset--spacing--50)\">\n<div class=\"wp-block-button has-custom-width wp-block-button__width-50\"><a class=\"wp-block-button__link has-white-color has-text-color has-background has-link-color has-small-font-size has-custom-font-size wp-element-button\" href=\"https:\/\/www.echirollesensemble.fr\/index.php\/pour-une-ville-metropolitaine-bien-geree\/\" style=\"background:linear-gradient(135deg,rgb(112,66,139) 0%,rgb(144,213,210) 100%)\">En savoir plus<\/a><\/div>\n<\/div>\n\n\n\n<div style=\"height:20px\" aria-hidden=\"true\" class=\"wp-block-spacer\"><\/div>\n<\/div>\n<\/div><\/div>\n<\/div>\n<\/div><\/section>\n<\/div>\n<\/div><\/section>\n\n\n\n<h2 class=\"wp-block-heading has-text-align-center\">Lire notre programme complet<\/h2>\n\n\n<div class=\"_df_book df-lite\" id=\"df_685\"  _slug=\"programme\" data-title=\"programme\" wpoptions=\"true\" thumb=\"https:\/\/www.echirollesensemble.fr\/wp-content\/uploads\/2026\/02\/PROGRAMME_miniature-1.png\" thumbtype=\"\" ><\/div><script class=\"df-shortcode-script\" nowprocket type=\"application\/javascript\">window.option_df_685 = {\"outline\":[],\"autoEnableOutline\":\"false\",\"autoEnableThumbnail\":\"false\",\"overwritePDFOutline\":\"false\",\"direction\":\"1\",\"pageSize\":\"0\",\"source\":\"https:\\\/\\\/www.echirollesensemble.fr\\\/wp-content\\\/uploads\\\/2026\\\/02\\\/Projet_EchirollesEnsemble_Web.pdf\",\"wpOptions\":\"true\"}; if(window.DFLIP && window.DFLIP.parseBooks){window.DFLIP.parseBooks();}<\/script>\n\n\n\n<div style=\"height:100px\" aria-hidden=\"true\" class=\"wp-block-spacer\"><\/div>\n","protected":false},"excerpt":{"rendered":"<p>Lire notre programme complet<\/p>\n","protected":false},"author":1,"featured_media":0,"parent":0,"menu_order":0,"comment_status":"closed","ping_status":"closed","template":"","meta":{"_themeisle_gutenberg_block_has_review":false,"footnotes":""},"class_list":["post-114","page","type-page","status-publish","hentry"],"_links":{"self":[{"href":"https:\/\/www.echirollesensemble.fr\/index.php\/wp-json\/wp\/v2\/pages\/114","targetHints":{"allow":["GET"]}}],"collection":[{"href":"https:\/\/www.echirollesensemble.fr\/index.php\/wp-json\/wp\/v2\/pages"}],"about":[{"href":"https:\/\/www.echirollesensemble.fr\/index.php\/wp-json\/wp\/v2\/types\/page"}],"author":[{"embeddable":true,"href":"https:\/\/www.echirollesensemble.fr\/index.php\/wp-json\/wp\/v2\/users\/1"}],"replies":[{"embeddable":true,"href":"https:\/\/www.echirollesensemble.fr\/index.php\/wp-json\/wp\/v2\/comments?post=114"}],"version-history":[{"count":25,"href":"https:\/\/www.echirollesensemble.fr\/index.php\/wp-json\/wp\/v2\/pages\/114\/revisions"}],"predecessor-version":[{"id":690,"href":"https:\/\/www.echirollesensemble.fr\/index.php\/wp-json\/wp\/v2\/pages\/114\/revisions\/690"}],"wp:attachment":[{"href":"https:\/\/www.echirollesensemble.fr\/index.php\/wp-json\/wp\/v2\/media?parent=114"}],"curies":[{"name":"wp","href":"https:\/\/api.w.org\/{rel}","templated":true}]}}