{"id":128,"date":"2026-01-29T16:31:08","date_gmt":"2026-01-29T16:31:08","guid":{"rendered":"https:\/\/www.echirollesensemble.fr\/?page_id=128"},"modified":"2026-02-11T14:52:11","modified_gmt":"2026-02-11T14:52:11","slug":"bilan-2020-2026","status":"publish","type":"page","link":"https:\/\/www.echirollesensemble.fr\/index.php\/bilan-2020-2026\/","title":{"rendered":"Bilan 2020-2026"},"content":{"rendered":"\n<div style=\"height:30px\" aria-hidden=\"true\" class=\"wp-block-spacer\"><\/div>\n\n\n\n<h3 class=\"wp-block-heading alignwide has-text-align-center\">Bilan 2020 &#8211; 2026<\/h3>\n\n\n\n<p class=\"has-text-align-center\">Dans ce bilan du mandat 2020-2026, nous avons souhait\u00e9 partager avec vous les actions essentielles port\u00e9es par la majorit\u00e9 municipale. Ce bilan nous l\u2019avons voulu le plus transparent, exhaustif et accessible.<\/p>\n\n\n\n<p class=\"has-text-align-center\">D\u00e9couvrez-le ci-dessous !<\/p>\n\n\n<div class=\"_df_book df-lite\" id=\"df_691\"  _slug=\"bilan\" data-title=\"bilan\" wpoptions=\"true\" thumb=\"https:\/\/www.echirollesensemble.fr\/wp-content\/uploads\/2026\/02\/BILAN-DE-MANDAT_miniature.png\" thumbtype=\"\" ><\/div><script class=\"df-shortcode-script\" nowprocket type=\"application\/javascript\">window.option_df_691 = {\"outline\":[],\"autoEnableOutline\":\"false\",\"autoEnableThumbnail\":\"false\",\"overwritePDFOutline\":\"false\",\"direction\":\"1\",\"pageSize\":\"0\",\"source\":\"https:\\\/\\\/www.echirollesensemble.fr\\\/wp-content\\\/uploads\\\/2026\\\/02\\\/2025_BilanMandat_WEB.pdf\",\"wpOptions\":\"true\"}; if(window.DFLIP && window.DFLIP.parseBooks){window.DFLIP.parseBooks();}<\/script>\n\n\n\n<div style=\"height:100px\" aria-hidden=\"true\" class=\"wp-block-spacer\"><\/div>\n","protected":false},"excerpt":{"rendered":"<p>Bilan 2020 &#8211; 2026 Dans ce bilan du mandat 2020-2026, nous avons souhait\u00e9 partager avec vous les actions essentielles port\u00e9es par la majorit\u00e9 municipale. Ce bilan nous l\u2019avons voulu le plus transparent, exhaustif et accessible. D\u00e9couvrez-le ci-dessous !<\/p>\n","protected":false},"author":1,"featured_media":0,"parent":0,"menu_order":0,"comment_status":"closed","ping_status":"closed","template":"","meta":{"_themeisle_gutenberg_block_has_review":false,"footnotes":""},"class_list":["post-128","page","type-page","status-publish","hentry"],"_links":{"self":[{"href":"https:\/\/www.echirollesensemble.fr\/index.php\/wp-json\/wp\/v2\/pages\/128","targetHints":{"allow":["GET"]}}],"collection":[{"href":"https:\/\/www.echirollesensemble.fr\/index.php\/wp-json\/wp\/v2\/pages"}],"about":[{"href":"https:\/\/www.echirollesensemble.fr\/index.php\/wp-json\/wp\/v2\/types\/page"}],"author":[{"embeddable":true,"href":"https:\/\/www.echirollesensemble.fr\/index.php\/wp-json\/wp\/v2\/users\/1"}],"replies":[{"embeddable":true,"href":"https:\/\/www.echirollesensemble.fr\/index.php\/wp-json\/wp\/v2\/comments?post=128"}],"version-history":[{"count":10,"href":"https:\/\/www.echirollesensemble.fr\/index.php\/wp-json\/wp\/v2\/pages\/128\/revisions"}],"predecessor-version":[{"id":715,"href":"https:\/\/www.echirollesensemble.fr\/index.php\/wp-json\/wp\/v2\/pages\/128\/revisions\/715"}],"wp:attachment":[{"href":"https:\/\/www.echirollesensemble.fr\/index.php\/wp-json\/wp\/v2\/media?parent=128"}],"curies":[{"name":"wp","href":"https:\/\/api.w.org\/{rel}","templated":true}]}}