{"id":3,"date":"2025-12-03T16:08:38","date_gmt":"2025-12-03T16:08:38","guid":{"rendered":"http:\/\/www.echirollesensemble.fr\/?page_id=3"},"modified":"2026-01-31T19:40:19","modified_gmt":"2026-01-31T19:40:19","slug":"privacy-policy","status":"publish","type":"page","link":"https:\/\/www.echirollesensemble.fr\/index.php\/privacy-policy\/","title":{"rendered":"Politique de confidentialit\u00e9"},"content":{"rendered":"\n<h2 class=\"wp-block-heading\">COLLECTE DES INFORMATIONS PERSONNELLES<\/h2>\n\n\n\n<p>Nous pouvons collecter des informations personnelles telles que votre nom, votre adresse \u00e9lectronique et d\u2019autres informations que vous choisissez de nous fournir lorsque vous utilisez ce site internet. Nous utilisons ces informations pour communiquer avec vous et pour r\u00e9pondre \u00e0 vos demandes sp\u00e9cifiques, uniquement dans le cadre de la campagne de la liste \u00ab\u00a0Echirolles ensemble\u00a0\u00bb pour les \u00e9lections municipales 2026.<\/p>\n\n\n\n<h3 class=\"wp-block-heading\">UTILISATION DES INFORMATIONS<\/h3>\n\n\n\n<p>Nous pouvons utiliser les informations que vous nous fournissez pour :<\/p>\n\n\n\n<ul class=\"wp-block-list\">\n<li>Communiquer avec vous, y compris pour r\u00e9pondre \u00e0 vos demandes ou pour vous envoyer des informations ;<\/li>\n\n\n\n<li>Am\u00e9liorer notre site internet et son contenu.<\/li>\n<\/ul>\n\n\n\n<h3 class=\"wp-block-heading\">DIVULGATION DES INFORMATIONS \u00c0&nbsp;DES TIERS<\/h3>\n\n\n\n<p>Nous ne vendons, n\u2019\u00e9changeons ni ne louons vos informations personnelles \u00e0 des tiers. Nous pouvons partager des informations avec des partenaires de confiance qui nous aident \u00e0 exploiter notre site internet, \u00e0 condition que ces parties acceptent de garder ces informations confidentielles.<\/p>\n\n\n\n<h3 class=\"wp-block-heading\">COOKIES<\/h3>\n\n\n\n<p>Notre site internet utilise des cookies, de petits fichiers texte plac\u00e9s sur votre appareil, pour aider le site \u00e0 fournir une meilleure exp\u00e9rience utilisateur. En g\u00e9n\u00e9ral, les cookies sont utilis\u00e9s pour conserver les pr\u00e9f\u00e9rences de l\u2019utilisateur et fournir des donn\u00e9es de suivi anonymis\u00e9es \u00e0 des applications tierces comme Matomo. <\/p>\n\n\n\n<h3 class=\"wp-block-heading\">CONSENTEMENT<\/h3>\n\n\n\n<p>Les donn\u00e9es personnelles que vous envoyez en vous inscrivant ou en remplissant des formulaires de renseignement sur ce site sont trait\u00e9es dans le but d\u2019op\u00e9rations de communication politique. Votre consentement pour ce traitement est explicitement demand\u00e9 lorsque vous fournissez ces donn\u00e9es.<\/p>\n\n\n\n<h3 class=\"wp-block-heading\">MODIFICATIONS DE NOTRE POLITIQUE DE CONFIDENTIALIT\u00c9 ET COOKIES<\/h3>\n\n\n\n<p>Si nous d\u00e9cidons de modifier notre politique de confidentialit\u00e9 et de cookies, nous publierons ces modifications sur cette page.<\/p>\n\n\n\n<h3 class=\"wp-block-heading\">NOUS CONTACTER<\/h3>\n\n\n\n<p>En application des articles 38 et suivants de la loi du 6 janvier 1978 ainsi que du R\u00e8glement g\u00e9n\u00e9ral sur la protection des donn\u00e9es (<strong>RGPD<\/strong>), vous b\u00e9n\u00e9ficiez des droits d\u2019acc\u00e8s, de rectification, de suppression et d\u2019opposition aux informations vous concernant. Vous pouvez exercer l\u2019ensemble de vos autres droits en nous \u00e9crivant \u00e0  :\u00a0contact@echirollesensemble.fr<\/p>\n","protected":false},"excerpt":{"rendered":"<p>COLLECTE DES INFORMATIONS PERSONNELLES Nous pouvons collecter des informations personnelles telles que votre nom, votre adresse \u00e9lectronique et d\u2019autres informations que vous choisissez de nous fournir lorsque vous utilisez ce site internet. Nous utilisons ces informations pour communiquer avec vous et pour r\u00e9pondre \u00e0 vos demandes sp\u00e9cifiques, uniquement dans le [&hellip;]<\/p>\n","protected":false},"author":1,"featured_media":0,"parent":0,"menu_order":0,"comment_status":"closed","ping_status":"open","template":"","meta":{"_themeisle_gutenberg_block_has_review":false,"footnotes":""},"class_list":["post-3","page","type-page","status-publish","hentry"],"_links":{"self":[{"href":"https:\/\/www.echirollesensemble.fr\/index.php\/wp-json\/wp\/v2\/pages\/3","targetHints":{"allow":["GET"]}}],"collection":[{"href":"https:\/\/www.echirollesensemble.fr\/index.php\/wp-json\/wp\/v2\/pages"}],"about":[{"href":"https:\/\/www.echirollesensemble.fr\/index.php\/wp-json\/wp\/v2\/types\/page"}],"author":[{"embeddable":true,"href":"https:\/\/www.echirollesensemble.fr\/index.php\/wp-json\/wp\/v2\/users\/1"}],"replies":[{"embeddable":true,"href":"https:\/\/www.echirollesensemble.fr\/index.php\/wp-json\/wp\/v2\/comments?post=3"}],"version-history":[{"count":2,"href":"https:\/\/www.echirollesensemble.fr\/index.php\/wp-json\/wp\/v2\/pages\/3\/revisions"}],"predecessor-version":[{"id":383,"href":"https:\/\/www.echirollesensemble.fr\/index.php\/wp-json\/wp\/v2\/pages\/3\/revisions\/383"}],"wp:attachment":[{"href":"https:\/\/www.echirollesensemble.fr\/index.php\/wp-json\/wp\/v2\/media?parent=3"}],"curies":[{"name":"wp","href":"https:\/\/api.w.org\/{rel}","templated":true}]}}