{"id":384,"date":"2026-01-31T19:41:13","date_gmt":"2026-01-31T19:41:13","guid":{"rendered":"https:\/\/www.echirollesensemble.fr\/?page_id=384"},"modified":"2026-02-10T22:05:21","modified_gmt":"2026-02-10T22:05:21","slug":"mentions-legales","status":"publish","type":"page","link":"https:\/\/www.echirollesensemble.fr\/index.php\/mentions-legales\/","title":{"rendered":"Mentions l\u00e9gales"},"content":{"rendered":"\n<p><strong>\u00c9DITEUR DU SITE<\/strong><\/p>\n\n\n\n<p>contact@echirollesensemble.fr<\/p>\n\n\n\n<h3 class=\"wp-block-heading\">DIRECTEUR DE LA PUBLICATION<\/h3>\n\n\n\n<p>Amandine Demore<br>contact@echirollesensemble.fr<\/p>\n\n\n\n<h3 class=\"wp-block-heading\">H\u00c9BERGEUR<\/h3>\n\n\n\n<p>OVH, 2 rue Kellermann \u2013 59100 Roubaix \u2013 France<\/p>\n\n\n\n<h3 class=\"wp-block-heading\">CONCEPTION ET CR\u00c9ATION DU SITE INTERNET<\/h3>\n\n\n\n<p>\u00c9chirolles Ensemble<\/p>\n\n\n\n<h3 class=\"wp-block-heading\">CR\u00c9DITS PHOTOS<\/h3>\n\n\n\n<p>\u00c9chirolles Ensemble<\/p>\n\n\n\n<h3 class=\"wp-block-heading\">PROPRI\u00c9T\u00c9 INTELLECTUELLE<\/h3>\n\n\n\n<p>Le contenu de ce site internet est prot\u00e9g\u00e9 par les lois fran\u00e7aises et internationales sur le droit d\u2019auteur et la propri\u00e9t\u00e9 intellectuelle. Tous les droits sont r\u00e9serv\u00e9s. La reproduction, la distribution, la modification ou la publication de tout contenu, en tout ou en partie, est strictement interdite sans l\u2019autorisation \u00e9crite pr\u00e9alable du propri\u00e9taire du site.<\/p>\n\n\n\n<h3 class=\"wp-block-heading\">LIENS HYPERTEXTES<\/h3>\n\n\n\n<p>Ce site peut contenir des liens vers des sites web tiers. echirollesensemble.fr ne peut \u00eatre tenu responsable du contenu de ces sites web externes. L\u2019insertion de liens vers ces sites ne signifie pas que echirollesensemble.fr approuve le contenu ou a une quelconque association avec les propri\u00e9taires desdits sites.<\/p>\n\n\n\n<h3 class=\"wp-block-heading\">DONN\u00c9ES PERSONNELLES<\/h3>\n\n\n\n<p>echirollesensemble.fr &nbsp;s\u2019engage \u00e0 respecter la confidentialit\u00e9 des informations personnelles fournies par les visiteurs de ce site internet. Pour plus d\u2019informations sur la collecte et le traitement des donn\u00e9es personnelles, veuillez consulter notre politique de confidentialit\u00e9.<\/p>\n\n\n\n<h3 class=\"wp-block-heading\">COOKIES<\/h3>\n\n\n\n<p>Ce site utilise des cookies pour am\u00e9liorer l\u2019exp\u00e9rience de navigation des utilisateurs. En cliquant sur \u00ab&nbsp;accepter l\u2019utilisation des cookies&nbsp;\u00bb, vous acceptez l\u2019utilisation de cookies conform\u00e9ment \u00e0 notre politique en mati\u00e8re de cookies.<\/p>\n\n\n\n<h3 class=\"wp-block-heading\">CONTACT<\/h3>\n\n\n\n<p>Pour toute question ou demande concernant ce site internet, veuillez nous contacter \u00e0 l\u2019adresse suivante :&nbsp;contact@echirollesensemble.fr<\/p>\n","protected":false},"excerpt":{"rendered":"<p>\u00c9DITEUR DU SITE contact@echirollesensemble.fr DIRECTEUR DE LA PUBLICATION Amandine Demorecontact@echirollesensemble.fr H\u00c9BERGEUR OVH, 2 rue Kellermann \u2013 59100 Roubaix \u2013 France CONCEPTION ET CR\u00c9ATION DU SITE INTERNET \u00c9chirolles Ensemble CR\u00c9DITS PHOTOS \u00c9chirolles Ensemble PROPRI\u00c9T\u00c9 INTELLECTUELLE Le contenu de ce site internet est prot\u00e9g\u00e9 par les lois fran\u00e7aises et internationales sur le [&hellip;]<\/p>\n","protected":false},"author":1,"featured_media":0,"parent":0,"menu_order":0,"comment_status":"closed","ping_status":"closed","template":"","meta":{"_themeisle_gutenberg_block_has_review":false,"footnotes":""},"class_list":["post-384","page","type-page","status-publish","hentry"],"_links":{"self":[{"href":"https:\/\/www.echirollesensemble.fr\/index.php\/wp-json\/wp\/v2\/pages\/384","targetHints":{"allow":["GET"]}}],"collection":[{"href":"https:\/\/www.echirollesensemble.fr\/index.php\/wp-json\/wp\/v2\/pages"}],"about":[{"href":"https:\/\/www.echirollesensemble.fr\/index.php\/wp-json\/wp\/v2\/types\/page"}],"author":[{"embeddable":true,"href":"https:\/\/www.echirollesensemble.fr\/index.php\/wp-json\/wp\/v2\/users\/1"}],"replies":[{"embeddable":true,"href":"https:\/\/www.echirollesensemble.fr\/index.php\/wp-json\/wp\/v2\/comments?post=384"}],"version-history":[{"count":5,"href":"https:\/\/www.echirollesensemble.fr\/index.php\/wp-json\/wp\/v2\/pages\/384\/revisions"}],"predecessor-version":[{"id":695,"href":"https:\/\/www.echirollesensemble.fr\/index.php\/wp-json\/wp\/v2\/pages\/384\/revisions\/695"}],"wp:attachment":[{"href":"https:\/\/www.echirollesensemble.fr\/index.php\/wp-json\/wp\/v2\/media?parent=384"}],"curies":[{"name":"wp","href":"https:\/\/api.w.org\/{rel}","templated":true}]}}