{"id":465,"date":"2026-02-06T10:04:26","date_gmt":"2026-02-06T10:04:26","guid":{"rendered":"https:\/\/www.echirollesensemble.fr\/?page_id=465"},"modified":"2026-02-11T15:05:33","modified_gmt":"2026-02-11T15:05:33","slug":"pour-une-ville-protectrice-solidaire","status":"publish","type":"page","link":"https:\/\/www.echirollesensemble.fr\/index.php\/pour-une-ville-protectrice-solidaire\/","title":{"rendered":"Pour une ville protectrice &amp; solidaire"},"content":{"rendered":"\n<div style=\"height:42px\" aria-hidden=\"true\" class=\"wp-block-spacer\"><\/div>\n\n\n\n<h1 class=\"wp-block-heading has-text-align-center has-secondary-color has-text-color has-link-color has-x-large-font-size wp-elements-086548ba7b4551456d92afbf7482e1cc\"><strong>Pour une ville protectrice &amp; solidaire<\/strong><\/h1>\n\n\n\n<div id=\"wp-block-themeisle-blocks-advanced-columns-60142088\" class=\"wp-block-themeisle-blocks-advanced-columns alignfull has-1-columns has-desktop-equal-layout has-tablet-equal-layout has-mobile-equal-layout has-vertical-unset animated fadeIn\"><div class=\"wp-block-themeisle-blocks-advanced-columns-overlay\"><\/div><div class=\"innerblocks-wrap\">\n<div id=\"wp-block-themeisle-blocks-advanced-column-3ff48aad\" class=\"wp-block-themeisle-blocks-advanced-column\">\n<h5 class=\"wp-block-heading alignwide has-text-align-left has-black-color has-text-color\" style=\"font-size:43px;line-height:1\"><em>Une ville doit \u00eatre un bouclier face aux difficult\u00e9s, dans une p\u00e9riode o\u00f9 tout augmente et o\u00f9 les in\u00e9galit\u00e9s se creusent. Une ville qui prot\u00e8ge est une ville qui prend soin et lutte contre le renoncement aux soins, faute de m\u00e9decins ou de moyens. Une ville protectrice agit au quotidien par une lutte d\u00e9termin\u00e9e contre les incivilit\u00e9s et la d\u00e9linquance pour am\u00e9liorer notre qualit\u00e9 de vie et notre quotidien.<\/em><\/h5>\n<\/div>\n<\/div><\/div>\n\n\n\n<div id=\"wp-block-themeisle-blocks-advanced-columns-01219de1\" class=\"wp-block-themeisle-blocks-advanced-columns alignfull has-2-columns has-desktop-equal-layout has-tablet-equal-layout has-mobile-collapsedRows-layout has-vertical-center has-light-bg animated fadeInLeft\"><div class=\"wp-block-themeisle-blocks-advanced-columns-overlay\"><\/div><div class=\"innerblocks-wrap\">\n<div id=\"wp-block-themeisle-blocks-advanced-column-93eccca7\" class=\"wp-block-themeisle-blocks-advanced-column\">\n<h6 class=\"wp-block-heading has-secondary-color has-text-color has-medium-font-size\"><strong><strong>SOLIDARIT\u00c9S<\/strong><\/strong><\/h6>\n\n\n\n<h4 class=\"wp-block-heading has-text-color has-link-color wp-elements-97205a5514e3d60a10aa2fa4f010435d\" style=\"color:#070731;font-size:20px\"><strong>Accompagner chacun et chacune selon ses besoins<\/strong><\/h4>\n\n\n\n<ul class=\"wp-block-list\">\n<li>Nous lancerons la r\u00e9habilitation de la Maison des Habitant-es de la Ponati\u00e8re.<\/li>\n\n\n\n<li>Nous organiserons des forums d\u2019acc\u00e8s aux droits pour mettre en relation usagers et institutions.<\/li>\n\n\n\n<li>Nous poursuivrons le plan d\u2019adaptation et de mise en accessibilit\u00e9 des \u00e9quipements publics.<\/li>\n\n\n\n<li>Nous inaugurerons les nouveaux locaux des Maisons des habitant-es des \u00c9cureuils (centre-ville) et ceux des Essarts-Surieux dans la Butte (Villeneuve).<\/li>\n\n\n\n<li>Nous poursuivrons notre aide aux associations de distribution alimentaire.<\/li>\n\n\n\n<li>Nous ouvrirons de nouveaux locaux adapt\u00e9s pour accueillir le Secours populaire.<\/li>\n\n\n\n<li>Nous aiderons les habitant-es en perte d\u2019autonomie dans leurs recherches de logement adapt\u00e9. Nous soutiendrons le maintien et l\u2019installation d\u2019\u00e9piceries solidaires.<\/li>\n\n\n\n<li>Nous maintiendrons un service logement pour accompagner en proximit\u00e9 les habitants et habitantes.<\/li>\n\n\n\n<li>Nous r\u00e9inventerons avec les habitants un temps fort de lutte contre toutes les formes de discriminations \u00e0 l\u2019instar de <em>Cit\u00e9 plurielle<\/em>.<\/li>\n\n\n\n<li>Nous maintiendrons notre soutien au dispositif Territoire Z\u00e9ro Ch\u00f4meur de Longue Dur\u00e9e dans le quartier Ouest.<\/li>\n\n\n\n<li>Nous conforterons les actions de m\u00e9diation dans les MDH pour lutter contre la fracture num\u00e9rique.<\/li>\n<\/ul>\n<\/div>\n\n\n\n<div id=\"wp-block-themeisle-blocks-advanced-column-630e8862\" class=\"wp-block-themeisle-blocks-advanced-column\">\n<h6 class=\"wp-block-heading has-secondary-color has-text-color has-medium-font-size\"><strong><strong><strong>LES A\u00ceN\u00c9S \/ LES ENFANTS \/ LES FAMILLES<\/strong><\/strong><\/strong><\/h6>\n\n\n\n<h4 class=\"wp-block-heading has-text-color has-link-color wp-elements-d7114e215a5575b6c8099240c3700598\" style=\"color:#070731;font-size:20px\"><strong><strong>Une ville pour tous les \u00e2ges<\/strong><\/strong><\/h4>\n\n\n\n<ul class=\"wp-block-list\">\n<li>Nous redynamiserons le conseil consultatif des retrait\u00e9s comme lieu d\u2019\u00e9change.<\/li>\n\n\n\n<li>Nous d\u00e9velopperons des solutions de transport \u00e0 la demande pour les a\u00een\u00e9s.<\/li>\n\n\n\n<li>Nous g\u00e9n\u00e9raliserons l\u2019acc\u00e8s \u00e0 la mutuelle communale dans les r\u00e9sidences seniors, notamment pour les lunettes et appareils auditifs.<\/li>\n\n\n\n<li>Nous cr\u00e9erons un r\u00e9seau d\u2019entraide interg\u00e9n\u00e9rationnelle comme pour l\u2019aide aux courses.<\/li>\n\n\n\n<li>Nous mettrons en place une conciergerie senior dans la dynamique Territoire Z\u00e9ro Ch\u00f4meur de Longue dur\u00e9e.<\/li>\n\n\n\n<li>Nous proposerons de nouveaux formats de s\u00e9jours courts et vari\u00e9s \u00e0 La Grande-Motte, en r\u00e9duisant les prix.<\/li>\n\n\n\n<li>Nous engagerons la r\u00e9novation de la r\u00e9sidence autonomie Maurice-Thorez, avec notamment le remplacement des ascenseurs d\u00e8s 2026.<\/li>\n\n\n\n<li>Nous \u00e9tendrons la carte avantages Seniors \u00ab 70+ \u00bb \u00e0 de nouveaux restaurants.<\/li>\n\n\n\n<li>Nous soutiendrons les initiatives de caf\u00e9s interg\u00e9n\u00e9rationnels.<\/li>\n\n\n\n<li>Nous maintiendrons le Banquet des anciens.<\/li>\n\n\n\n<li>Nous soutiendrons l\u2019organisation de bals r\u00e9guliers pour les a\u00een\u00e9s dans un lieu d\u00e9di\u00e9.<\/li>\n\n\n\n<li>Nous augmenterons le montant des bons cadeaux pour les a\u00een\u00e9s.<\/li>\n\n\n\n<li>Nous aurons une attention particuli\u00e8re \u00e0 la qualit\u00e9 des repas port\u00e9s \u00e0 domicile.<\/li>\n\n\n\n<li>Nous augmenterons le nombre de places en cr\u00e8che afin de r\u00e9pondre \u00e0 la demande avec notamment l\u2019ouverture d\u00e8s 2027 d\u2019une cr\u00e8che de 52 berceaux \u00e0 la Villeneuve.<\/li>\n\n\n\n<li>Nous accompagnerons les familles sur les enjeux de parentalit\u00e9, d\u2019\u00e9ducation, de rapport aux \u00e9crans et d\u2019alimentation.<\/li>\n\n\n\n<li>Nous r\u00e9duirons les tarifs des services municipaux \u00e0 destination des familles.<\/li>\n\n\n\n<li>Nous exp\u00e9rimenterons le dispositif port\u00e9 par la CPAM concernant l\u2019aide alimentaire pour les femmes enceintes.<\/li>\n\n\n\n<li>Nous soutiendrons l\u2019installation d\u2019une r\u00e9sidence interg\u00e9n\u00e9rationnelle dans le quartier de la gare et d\u2019une \u00ab&nbsp;R\u00e9sidence Habitat Jeunes&nbsp;\u00bb<\/li>\n<\/ul>\n<\/div>\n<\/div><\/div>\n\n\n\n<div id=\"wp-block-themeisle-blocks-advanced-columns-27d8e5d4\" class=\"wp-block-themeisle-blocks-advanced-columns alignfull has-2-columns has-desktop-equal-layout has-tablet-equal-layout has-mobile-collapsedRows-layout has-vertical-center has-light-bg animated fadeInRight\"><div class=\"wp-block-themeisle-blocks-advanced-columns-overlay\"><\/div><div class=\"innerblocks-wrap\">\n<div id=\"wp-block-themeisle-blocks-advanced-column-4f903cb2\" class=\"wp-block-themeisle-blocks-advanced-column\">\n<h6 class=\"wp-block-heading has-secondary-color has-text-color has-medium-font-size\"><strong><strong>SANTE<\/strong><\/strong><\/h6>\n\n\n\n<h4 class=\"wp-block-heading has-text-color has-link-color wp-elements-9def94e6342f654acc9903964a376349\" style=\"color:#070731;font-size:20px\"><strong>Une ville qui prend soin<\/strong><\/h4>\n\n\n\n<ul class=\"wp-block-list\">\n<li>Nous conforterons la pr\u00e9sence du Centre de sant\u00e9 sexuelle (Planning familial) sur notre territoire.<\/li>\n\n\n\n<li>Nous cr\u00e9erons un centre de sant\u00e9 \u00e0 c\u00f4t\u00e9 de la Butte aux Essarts.<\/li>\n\n\n\n<li>Nous soutiendrons l\u2019installation de m\u00e9decins sur la commune.<\/li>\n\n\n\n<li>Nous mettrons en place un observatoire de la sant\u00e9 urbaine en partenariat avec les acteurs locaux.<\/li>\n\n\n\n<li>Nous impulserons la cr\u00e9ation d\u2019une maison de sant\u00e9 pluridisciplinaire dans le quartier Ouest.<\/li>\n\n\n\n<li>Nous prolongerons le plan de d\u00e9ploiement des d\u00e9fibrillateurs dans les b\u00e2timents publics.<\/li>\n<\/ul>\n<\/div>\n\n\n\n<div id=\"wp-block-themeisle-blocks-advanced-column-03e98840\" class=\"wp-block-themeisle-blocks-advanced-column\">\n<h6 class=\"wp-block-heading has-secondary-color has-text-color has-medium-font-size\"><strong><strong><strong><strong>SECURITE PUBLIQUE &amp; PR\u00c9VENTION<\/strong><\/strong><\/strong><\/strong><\/h6>\n\n\n\n<h4 class=\"wp-block-heading has-text-color has-link-color wp-elements-5a445f0107d6fc913cbf394d26481d80\" style=\"color:#070731;font-size:20px\"><strong><strong>C\u2019est d\u2019abord de la pr\u00e9sence humaine et du service public.<\/strong><\/strong><\/h4>\n\n\n\n<ul class=\"wp-block-list\">\n<li>Nous augmenterons fortement les effectifs de la police municipale.<\/li>\n\n\n\n<li>Nous poursuivrons le d\u00e9ploiement de la vid\u00e9oprotection sur les b\u00e2timents communaux, sur les grands axes routiers et des secteurs cibl\u00e9s.<\/li>\n\n\n\n<li>Nous renforcerons les patrouilles dans les parcs le week-end.<\/li>\n\n\n\n<li>Nous poursuivrons le comit\u00e9 \u00e9thique de la vid\u00e9oprotection.<\/li>\n\n\n\n<li>Nous resterons pleinement engag\u00e9s dans le partenariat de s\u00e9curit\u00e9 avec l\u2019\u00c9tat, la police nationale et la Justice.<\/li>\n\n\n\n<li>Nous continuerons de d\u00e9fendre l\u2019installation d\u2019un commissariat de plein exercice sur la commune.<\/li>\n\n\n\n<li>Nous renforcerons la pr\u00e9sence d\u2019activit\u00e9s de proximit\u00e9 pour les jeunes.<\/li>\n\n\n\n<li>Nous recruterons du personnel suppl\u00e9mentaire dans les services de pr\u00e9vention.<\/li>\n\n\n\n<li>Nous serons une commune engag\u00e9e aupr\u00e8s des sapeurs pompiers.<\/li>\n\n\n\n<li>Nous mettrons en place des ateliers avec les pompiers pour sensibiliser aux risques et au civisme.<\/li>\n\n\n\n<li>Nous organiserons la d\u00e9couverte, par les jeunes, des m\u00e9tiers de la s\u00e9curit\u00e9, du soin et des secours.<\/li>\n\n\n\n<li>Nous renforcerons la r\u00e9pression contre les incivilit\u00e9s routi\u00e8res, notamment au travers de la vid\u00e9overbalisation.<\/li>\n\n\n\n<li>Nous \u00e9largirons le dispositif anti-harc\u00e8lement \u00ab&nbsp;Demandez Angela&nbsp;\u00bb \u00e0 de nouveaux commerces.<\/li>\n\n\n\n<li>Nous maintiendrons ferm\u00e9es les \u00e9piceries de nuit \u00e0 partir de 22h.<\/li>\n\n\n\n<li>Nous poursuivrons la formation des personnels d\u2019accueil, des policiers municipaux ou encore des agents de pr\u00e9vention \u00e0 l\u2019accueil des femmes victimes de violences.<\/li>\n<\/ul>\n<\/div>\n<\/div><\/div>\n\n\n\n<div id=\"wp-block-themeisle-blocks-advanced-columns-1d81cdf0\" class=\"wp-block-themeisle-blocks-advanced-columns has-1-columns has-desktop-equal-layout has-tablet-equal-layout has-mobile-equal-layout has-vertical-unset\"><div class=\"wp-block-themeisle-blocks-advanced-columns-overlay\"><\/div><div class=\"innerblocks-wrap\">\n<div id=\"wp-block-themeisle-blocks-advanced-column-07940228\" class=\"wp-block-themeisle-blocks-advanced-column\">\n<div class=\"wp-block-group alignwide\"><div class=\"wp-block-group__inner-container is-layout-constrained wp-block-group-is-layout-constrained\">\n<div class=\"wp-block-group animated fadeInLeft has-background\" style=\"border-radius:8px;background-color:#f9f8f7;padding-top:32px;padding-right:32px;padding-bottom:32px;padding-left:32px\"><div class=\"wp-block-group__inner-container is-layout-constrained wp-container-core-group-is-layout-1a1c0e64 wp-block-group-is-layout-constrained\">\n<div class=\"wp-block-columns is-layout-flex wp-container-core-columns-is-layout-cbe57604 wp-block-columns-is-layout-flex\">\n<div class=\"wp-block-column is-layout-flow wp-block-column-is-layout-flow\" style=\"flex-basis:33.33%\">\n<div class=\"wp-block-group\" style=\"margin-top:-64px\"><div class=\"wp-block-group__inner-container is-layout-constrained wp-block-group-is-layout-constrained\">\n<figure class=\"wp-block-image size-full has-custom-border\"><img loading=\"lazy\" decoding=\"async\" width=\"1690\" height=\"2560\" src=\"https:\/\/www.echirollesensemble.fr\/wp-content\/uploads\/2026\/02\/726695fa-d9e8-40c5-8b69-f3293decf116-2-scaled.png\" alt=\"\" class=\"wp-image-559\" style=\"border-radius:8px;aspect-ratio:3\/4;object-fit:cover\" srcset=\"https:\/\/www.echirollesensemble.fr\/wp-content\/uploads\/2026\/02\/726695fa-d9e8-40c5-8b69-f3293decf116-2-scaled.png 1690w, https:\/\/www.echirollesensemble.fr\/wp-content\/uploads\/2026\/02\/726695fa-d9e8-40c5-8b69-f3293decf116-2-198x300.png 198w, https:\/\/www.echirollesensemble.fr\/wp-content\/uploads\/2026\/02\/726695fa-d9e8-40c5-8b69-f3293decf116-2-676x1024.png 676w, https:\/\/www.echirollesensemble.fr\/wp-content\/uploads\/2026\/02\/726695fa-d9e8-40c5-8b69-f3293decf116-2-768x1163.png 768w, https:\/\/www.echirollesensemble.fr\/wp-content\/uploads\/2026\/02\/726695fa-d9e8-40c5-8b69-f3293decf116-2-1014x1536.png 1014w, https:\/\/www.echirollesensemble.fr\/wp-content\/uploads\/2026\/02\/726695fa-d9e8-40c5-8b69-f3293decf116-2-1352x2048.png 1352w\" sizes=\"auto, (max-width: 1690px) 100vw, 1690px\" \/><\/figure>\n<\/div><\/div>\n<\/div>\n\n\n\n<div class=\"wp-block-column is-vertically-aligned-center is-layout-flow wp-container-core-column-is-layout-f5bb311e wp-block-column-is-layout-flow\" style=\"flex-basis:66.66%\">\n<h2 class=\"wp-block-heading\">Bernadette Roux<\/h2>\n\n\n\n<p class=\"has-small-font-size\" style=\"font-style:normal;font-weight:600;text-transform:uppercase\">Militante associative<\/p>\n\n\n\n<p>Nous avons une ville tr\u00e8s \u00e9quip\u00e9e car les \u00e9lus successifs ont permis et incit\u00e9 l\u2019installation de l\u2019H\u00f4pital Sud, de cliniques, de centres de sant\u00e9. Malgr\u00e9 cela \u00c9chirolles n\u2019\u00e9chappe malheureusement pas au manque de m\u00e9decins traitants et \u00e0 la d\u00e9sertification m\u00e9dicale. C\u2019est pour cela que la Ville soutient et soutiendra l\u2019installation de professionnels de sant\u00e9, la construction d\u2019\u00e9quipements de sant\u00e9 et la mise en place des dispositifs comme la mutuelle communale.<\/p>\n\n\n\n<p><\/p>\n<\/div>\n<\/div>\n<\/div><\/div>\n\n\n\n<div style=\"height:32px\" aria-hidden=\"true\" class=\"wp-block-spacer\"><\/div>\n\n\n\n<div class=\"wp-block-group animated fadeInRight has-background is-nowrap is-layout-flex wp-container-core-group-is-layout-108885a5 wp-block-group-is-layout-flex\" style=\"border-radius:8px;background-color:#f9f8f7;padding-top:32px;padding-right:32px;padding-bottom:32px;padding-left:32px\">\n<div class=\"wp-block-columns is-layout-flex wp-container-core-columns-is-layout-cbe57604 wp-block-columns-is-layout-flex\">\n<div class=\"wp-block-column is-vertically-aligned-center is-layout-flow wp-container-core-column-is-layout-f5bb311e wp-block-column-is-layout-flow\" style=\"flex-basis:66.66%\">\n<h2 class=\"wp-block-heading\">Eva Cantero<\/h2>\n\n\n\n<p class=\"has-small-font-size\" style=\"font-style:normal;font-weight:600;text-transform:uppercase\">etudiante<\/p>\n\n\n\n<p><\/p>\n\n\n\n<p>La pr\u00e9vention est un maillon essentiel des actions en faveur de la tranquillit\u00e9 publique, au m\u00eame titre que la s\u00e9curit\u00e9. C&rsquo;est un r\u00e9el travail de proximit\u00e9, de connaissance du terrain, des habitants, qui permet un vrai accompagnement, une pr\u00e9sence quotidienne et des relations de confiance. Nous voulons dans les ann\u00e9es \u00e0 venir continuer de renforcer ce service essentiel.<\/p>\n<\/div>\n\n\n\n<div class=\"wp-block-column is-layout-flow wp-block-column-is-layout-flow\" style=\"flex-basis:33.33%\">\n<div class=\"wp-block-group\" style=\"margin-top:-64px\"><div class=\"wp-block-group__inner-container is-layout-constrained wp-block-group-is-layout-constrained\">\n<figure class=\"wp-block-image size-full has-custom-border\"><img loading=\"lazy\" decoding=\"async\" width=\"1100\" height=\"1509\" src=\"https:\/\/www.echirollesensemble.fr\/wp-content\/uploads\/2026\/02\/Eva-Cantero.png\" alt=\"\" class=\"wp-image-560\" style=\"border-radius:8px;aspect-ratio:3\/4;object-fit:cover\" srcset=\"https:\/\/www.echirollesensemble.fr\/wp-content\/uploads\/2026\/02\/Eva-Cantero.png 1100w, https:\/\/www.echirollesensemble.fr\/wp-content\/uploads\/2026\/02\/Eva-Cantero-219x300.png 219w, https:\/\/www.echirollesensemble.fr\/wp-content\/uploads\/2026\/02\/Eva-Cantero-746x1024.png 746w, https:\/\/www.echirollesensemble.fr\/wp-content\/uploads\/2026\/02\/Eva-Cantero-768x1054.png 768w\" sizes=\"auto, (max-width: 1100px) 100vw, 1100px\" \/><\/figure>\n<\/div><\/div>\n<\/div>\n<\/div>\n<\/div>\n<\/div><\/div>\n<\/div>\n<\/div><\/div>\n\n\n\n<div style=\"height:34px\" aria-hidden=\"true\" class=\"wp-block-spacer\"><\/div>\n\n\n\n<div id=\"wp-block-themeisle-blocks-flip-b5b6584f\" class=\"wp-block-themeisle-blocks-flip anim flipY animated bounce\"><div class=\"o-flip-inner\"><div class=\"o-flip-front\"><div class=\"o-flip-content\"><h3>Le saviez-vous ?<\/h3><p><\/p><\/div><\/div><div class=\"o-flip-back\">\n<h3 class=\"wp-block-heading\"><\/h3>\n\n\n\n<p class=\"has-medium-font-size\">Depuis sa cr\u00e9ation en 2023, la carte avantage 70+ permet \u00e0 plus de 700 a\u00een\u00e9-es de\u2009b\u00e9n\u00e9ficier de r\u00e9duction dans des restaurants \u00e9chirollois.<\/p>\n<\/div><\/div><\/div>\n\n\n\n<div style=\"height:33px\" aria-hidden=\"true\" class=\"wp-block-spacer\"><\/div>\n\n\n\n<p><\/p>\n","protected":false},"excerpt":{"rendered":"<p>Pour une ville protectrice &amp; solidaire<\/p>\n","protected":false},"author":1,"featured_media":0,"parent":0,"menu_order":0,"comment_status":"closed","ping_status":"closed","template":"","meta":{"_themeisle_gutenberg_block_has_review":false,"footnotes":""},"class_list":["post-465","page","type-page","status-publish","hentry"],"_links":{"self":[{"href":"https:\/\/www.echirollesensemble.fr\/index.php\/wp-json\/wp\/v2\/pages\/465","targetHints":{"allow":["GET"]}}],"collection":[{"href":"https:\/\/www.echirollesensemble.fr\/index.php\/wp-json\/wp\/v2\/pages"}],"about":[{"href":"https:\/\/www.echirollesensemble.fr\/index.php\/wp-json\/wp\/v2\/types\/page"}],"author":[{"embeddable":true,"href":"https:\/\/www.echirollesensemble.fr\/index.php\/wp-json\/wp\/v2\/users\/1"}],"replies":[{"embeddable":true,"href":"https:\/\/www.echirollesensemble.fr\/index.php\/wp-json\/wp\/v2\/comments?post=465"}],"version-history":[{"count":63,"href":"https:\/\/www.echirollesensemble.fr\/index.php\/wp-json\/wp\/v2\/pages\/465\/revisions"}],"predecessor-version":[{"id":725,"href":"https:\/\/www.echirollesensemble.fr\/index.php\/wp-json\/wp\/v2\/pages\/465\/revisions\/725"}],"wp:attachment":[{"href":"https:\/\/www.echirollesensemble.fr\/index.php\/wp-json\/wp\/v2\/media?parent=465"}],"curies":[{"name":"wp","href":"https:\/\/api.w.org\/{rel}","templated":true}]}}