{"id":467,"date":"2026-02-06T10:04:45","date_gmt":"2026-02-06T10:04:45","guid":{"rendered":"https:\/\/www.echirollesensemble.fr\/?page_id=467"},"modified":"2026-02-11T15:36:27","modified_gmt":"2026-02-11T15:36:27","slug":"pour-une-ville-durable-ecologique","status":"publish","type":"page","link":"https:\/\/www.echirollesensemble.fr\/index.php\/pour-une-ville-durable-ecologique\/","title":{"rendered":"Pour une ville durable &amp; \u00e9cologique"},"content":{"rendered":"\n<div style=\"height:31px\" aria-hidden=\"true\" class=\"wp-block-spacer\"><\/div>\n\n\n\n<h1 class=\"wp-block-heading has-text-align-center has-header-overlay-color-color has-text-color has-link-color has-x-large-font-size wp-elements-d39d9d396f9c92e4615d2cb64ee17725\">Pour une ville durable &amp; \u00e9cologique<\/h1>\n\n\n\n<div id=\"wp-block-themeisle-blocks-advanced-columns-60142088\" class=\"wp-block-themeisle-blocks-advanced-columns alignfull has-1-columns has-desktop-equal-layout has-tablet-equal-layout has-mobile-equal-layout has-vertical-unset animated fadeIn\"><div class=\"wp-block-themeisle-blocks-advanced-columns-overlay\"><\/div><div class=\"innerblocks-wrap\">\n<div id=\"wp-block-themeisle-blocks-advanced-column-3ff48aad\" class=\"wp-block-themeisle-blocks-advanced-column\">\n<h5 class=\"wp-block-heading alignwide has-text-align-left has-black-color has-text-color\" style=\"font-size:43px;line-height:1\"><em>Nous voulons une \u00e9cologie concr\u00e8te, qui am\u00e9liore la vie de toutes et tous : depuis nos fen\u00eatres, dans nos rues et au pied de nos immeubles. Le d\u00e9r\u00e8glement climatique impacte d\u00e9j\u00e0 notre quotidien. Nous devons agir avec d\u00e9termination en v\u00e9g\u00e9talisant davantage la ville, en cr\u00e9ant des \u00eelots de fra\u00eecheur, en am\u00e9nageant d\u00e8s aujourd\u2019hui notre territoire pour anticiper l\u2019avenir, en favorisant la r\u00e9novation thermique des b\u00e2timents publics et la production locale d\u2019\u00e9nergie d\u00e9carbon\u00e9e.<\/em><\/h5>\n<\/div>\n<\/div><\/div>\n\n\n\n<div id=\"wp-block-themeisle-blocks-advanced-columns-01219de1\" class=\"wp-block-themeisle-blocks-advanced-columns alignfull has-2-columns has-desktop-equal-layout has-tablet-equal-layout has-mobile-collapsedRows-layout has-vertical-center has-light-bg animated fadeInLeft\"><div class=\"wp-block-themeisle-blocks-advanced-columns-overlay\"><\/div><div class=\"innerblocks-wrap\">\n<div id=\"wp-block-themeisle-blocks-advanced-column-93eccca7\" class=\"wp-block-themeisle-blocks-advanced-column\">\n<h6 class=\"wp-block-heading has-secondary-color has-text-color has-medium-font-size\"><strong><strong><strong>\u00c9COLOGIE DU QUOTIDIEN<\/strong><\/strong><\/strong><\/h6>\n\n\n\n<h4 class=\"wp-block-heading has-text-color has-link-color wp-elements-922f887d88315d2c6e57ff9847a18c91\" style=\"color:#070731;font-size:20px\"><strong>Une ville-parc agr\u00e9able \u00e0 vivre<\/strong><\/h4>\n\n\n\n<ul class=\"wp-block-list\">\n<li>Nous poursuivrons la v\u00e9g\u00e9talisation de la ville avec notamment la plantation de 1 000 arbres suppl\u00e9mentaires sur le mandat pour lutter contre les \u00eelots de chaleur et d\u00e9velopper la for\u00eat urbaine.<\/li>\n\n\n\n<li>Nous passerons int\u00e9gralement l\u2019\u00e9clairage public en LED, ce qui permettra d\u2019\u00e9clairer \u00e0 faible intensit\u00e9 de 1h \u00e0 5h, tout en continuant de r\u00e9aliser des \u00e9conomies d\u2019\u00e9nergie.<\/li>\n\n\n\n<li>Nous poursuivrons le d\u00e9veloppement de la production d\u2019\u00e9nergie photovolta\u00efque sur les b\u00e2timents communaux.<\/li>\n\n\n\n<li>Nous am\u00e9nagerons un nouveau parc au quartier Navis (4000 m2), ainsi qu\u2019une for\u00eat urbaine (1500 m2).<\/li>\n\n\n\n<li>Nous planterons des arbres fruitiers afin de permettre la cueillette libre.<\/li>\n\n\n\n<li>Nous poursuivrons l\u2019aide \u00e0 l\u2019isolation thermique des copropri\u00e9t\u00e9s anciennes, notamment par le dispositif Mur Mur.<\/li>\n\n\n\n<li>Nous installerons des brumisateurs notamment dans les parcs Robert-Buisson (Sud) et Pablo-Picasso (Ouest).<\/li>\n\n\n\n<li>Nous cr\u00e9erons un parc de 3&nbsp;120&nbsp;m\u00b2 dans l\u2019op\u00e9ration \u00c9crin du Vercors \/ Les \u00c9cureuils (centre-ville), \u00e0 proximit\u00e9 de l\u2019ancienne mairie.<\/li>\n\n\n\n<li>Nous permettrons l\u2019acc\u00e8s des riverains \u00e0 la vente de l\u00e9gumes de la ferme urbaine solidaire \u00ab&nbsp;Mille feuilles&nbsp;\u00bb jouxtant le parc Maurice-Thorez.<\/li>\n\n\n\n<li>Nous agrandirons et nous valoriserons notre poumon vert qu\u2019est la Frange verte.<\/li>\n\n\n\n<li>Nous impulserons de nouveaux jardins partag\u00e9s en commen\u00e7ant par le centre ville, Petits-Pr\u00e8s et sur le secteur Jean-Jaur\u00e8s pour renforcer la place de l\u2019agriculture urbaine.<\/li>\n\n\n\n<li>Nous diminuerons l\u2019impact environnemental de nos \u00e9quipements.<\/li>\n\n\n\n<li>Nous poursuivrons les actions de protection de la biodiversit\u00e9 animale et v\u00e9g\u00e9tale.<\/li>\n\n\n\n<li>Nous installerons des \u00ab&nbsp;Caniparcs&nbsp;\u00bb, espaces s\u00e9curis\u00e9s pour permettre aux chiens de gambader en toute libert\u00e9, en commen\u00e7ant par le parc Maurice-Thorez.<\/li>\n\n\n\n<li>Nous poursuivrons l\u2019am\u00e9nagement de corridors \u00e9cologiques afin de permettre des balades en pleine nature et de prot\u00e9ger la biodiversit\u00e9.<\/li>\n<\/ul>\n<\/div>\n\n\n\n<div id=\"wp-block-themeisle-blocks-advanced-column-630e8862\" class=\"wp-block-themeisle-blocks-advanced-column\">\n<h6 class=\"wp-block-heading has-secondary-color has-text-color has-medium-font-size\"><strong><strong><strong><strong>AM\u00c9NAGEMENT<\/strong><\/strong><\/strong><\/strong><\/h6>\n\n\n\n<h4 class=\"wp-block-heading has-text-color has-link-color wp-elements-b4c7fe501a053cd4c2142b2a70b20b80\" style=\"color:#070731;font-size:20px\"><strong><strong><strong>Une ville pour demain<\/strong><\/strong><\/strong><\/h4>\n\n\n\n<ul class=\"wp-block-list\">\n<li>Nous d\u00e9fendrons aupr\u00e8s de la M\u00e9tropole la ma\u00eetrise de la densification urbaine par une r\u00e9vision ambitieuse du Plan local d\u2019urbanisme en continuant d\u2019imposer une v\u00e9g\u00e9talisation sur chaque programme immobilier, l\u2019utilisation de mat\u00e9riaux bio sourc\u00e9s, la v\u00e9g\u00e9talisation des toitures, et en limitant les hauteurs, tout en d\u00e9fendant un nombre de places de stationnement ad\u00e9quat pour ne pas impacter celles situ\u00e9es sur l\u2019espace public.<\/li>\n\n\n\n<li>Nous r\u00e9noverons la chapelle des Templiers, avec une charpente r\u00e9alis\u00e9e dans le cadre d\u2019un chantier-\u00e9cole.<\/li>\n\n\n\n<li>Nous pr\u00e9serverons l\u2019ensemble du patrimoine historique de la ville&nbsp;(Ch\u00e2teau de Pizan\u00e7on, ses d\u00e9pendances, la Villa \u00c9lie-Blanchet, etc.).<\/li>\n\n\n\n<li>Nous travaillerons au devenir de la Maison de \u00ab&nbsp;L\u2019\u00c9cho d\u2019\u00c9chirolles&nbsp;\u00bb au c\u0153ur du parc Jean-Jaur\u00e8s dans un objectif de pr\u00e9servation et de r\u00e9habilitation.<\/li>\n\n\n\n<li>Nous r\u00e9habiliterons et v\u00e9g\u00e9taliserons la place de la Lib\u00e9ration.<\/li>\n\n\n\n<li>Nous impulserons la r\u00e9novation de la place des Vosges.<\/li>\n\n\n\n<li>Nous poursuivrons la r\u00e9novation des all\u00e9es du parc Maurice-Thorez.<\/li>\n\n\n\n<li>Nous r\u00e9noverons la place des Cinq-Fontaines en v\u00e9g\u00e9talisant certaines parties et en r\u00e9novant les dalles.<\/li>\n\n\n\n<li>Nous poursuivrons la r\u00e9novation des Essarts-Surieux, de la Luire et de la Viscose avec la r\u00e9novation de centaines de logements.<\/li>\n\n\n\n<li>Nous d\u00e9velopperons des aires de jeux pour enfants dans les espaces publics.<\/li>\n\n\n\n<li>Nous r\u00e9noverons le parvis de la Butte avec l\u2019installation d\u2019une fontaine, la plantation d\u2019arbres.<\/li>\n\n\n\n<li>Nous terminerons la r\u00e9habilitation de la Butte qui accueillera de nouveaux services de proximit\u00e9 (Services jeunesse, pr\u00e9vention, ludoth\u00e8que, gymnase, Maison des habitant-es Essarts-Surieux).<\/li>\n\n\n\n<li>Nous r\u00e9am\u00e9nagerons le parc \u00e0 l\u2019arri\u00e8re de la Butte (la colline), afin de le rendre accessible et nous y installerons des jeux pour enfants.<\/li>\n\n\n\n<li>Nous cr\u00e9erons un parcours de d\u00e9couverte de la biodiversit\u00e9 v\u00e9g\u00e9tale et animale \u00e0 la Frange Verte et nous y installerons des \u0153uvres artistiques.<\/li>\n\n\n\n<li>Nous terminerons l\u2019am\u00e9nagement du quartier Navis avec notamment un nouveau parc, une for\u00eat urbaine, un espace ludique et v\u00e9g\u00e9talis\u00e9<br>(7300 m\u00b2) et un city-stade.<\/li>\n\n\n\n<li>Nous lancerons le r\u00e9am\u00e9nagement et la s\u00e9curisation du Carrefour du ch\u00eane et nous y installerons des commerces de proximit\u00e9.<\/li>\n\n\n\n<li>Nous am\u00e9nagerons une place v\u00e9g\u00e9talis\u00e9e dans le quartier de la gare avec des services d\u00e9di\u00e9s et des commerces de proximit\u00e9.<\/li>\n<\/ul>\n<\/div>\n<\/div><\/div>\n\n\n\n<div id=\"wp-block-themeisle-blocks-advanced-columns-27d8e5d4\" class=\"wp-block-themeisle-blocks-advanced-columns alignfull has-1-columns has-desktop-equal-layout has-tablet-equal-layout has-mobile-collapsedRows-layout has-vertical-center has-light-bg animated fadeInRight\"><div class=\"wp-block-themeisle-blocks-advanced-columns-overlay\"><\/div><div class=\"innerblocks-wrap\">\n<div id=\"wp-block-themeisle-blocks-advanced-column-4f903cb2\" class=\"wp-block-themeisle-blocks-advanced-column\">\n<h6 class=\"wp-block-heading has-secondary-color has-text-color has-medium-font-size\"><strong><strong><strong>MOBILIT\u00c9S<\/strong><\/strong><\/strong><\/h6>\n\n\n\n<h4 class=\"wp-block-heading has-text-color has-link-color wp-elements-59f106790cb5367af2b27bf1e4d555c1\" style=\"color:#070731;font-size:20px\"><strong>Se d\u00e9placer dans une ville accessible<\/strong><\/h4>\n\n\n\n<ul class=\"wp-block-list\">\n<li>Nous maintiendrons le stationnement gratuit \u00e0 \u00c9chirolles.<\/li>\n\n\n\n<li>Nous d\u00e9fendrons la gratuit\u00e9 des transports.<\/li>\n\n\n\n<li>Nous terminerons la r\u00e9novation de l\u2019avenue des \u00c9tats-G\u00e9n\u00e9raux en s\u00e9curisant les d\u00e9placements et diminuant la vitesse de circulation et en embellissant l\u2019entr\u00e9e de ville.<\/li>\n\n\n\n<li>Nous r\u00e9habiliterons l\u2019avenue Paul-Vaillant-Couturier en int\u00e9grant mieux la piste cyclable, en am\u00e9liorant la circulation pi\u00e9tonne et en cr\u00e9ant des stationnements suppl\u00e9mentaires.<\/li>\n\n\n\n<li>Nous d\u00e9fendrons la prolongation du tram E sur le cours Jean-Jaur\u00e8s.<\/li>\n\n\n\n<li>Nous exigerons de la part du SMMAG (autorit\u00e9 organisatrice des transports) d\u2019adapter la desserte des quartiers de la Commanderie et des Granges sud par le passage de bus \u00e0 des horaires adapt\u00e9s.<\/li>\n\n\n\n<li>Nous travaillerons avec la m\u00e9tropole \u00e0 ce qu\u2019elle \u00e9labore un v\u00e9ritable plan de circulation (notamment sur R\u00e9publique\/Frange verte) pour limiter le trafic routier aux heures de pointe.<\/li>\n\n\n\n<li>Nous poursuivrons l\u2019installation de bornes de recharge pour v\u00e9hicules \u00e9lectriques sur l\u2019espace public.<\/li>\n\n\n\n<li>Nous continuerons d\u2019agir pour le d\u00e9ploiement du RER m\u00e9tropolitain.<\/li>\n\n\n\n<li>Nous poursuivrons la r\u00e9fection de voiries.<\/li>\n\n\n\n<li>Nous \u00e9largirons le service de trottinettes et v\u00e9los en libre-service notamment dans le quartier Navis\/Rondeau.<\/li>\n\n\n\n<li>Nous poursuivrons l\u2019am\u00e9nagement des chronov\u00e9los et des pistes cyclables interconnect\u00e9es et s\u00e9curis\u00e9es. (40km de pistes cyclables \u00e0 \u00c9chirolles actuellement)<\/li>\n\n\n\n<li>Nous am\u00e9liorerons les d\u00e9placements pi\u00e9tons sur l\u2019espace public, en commen\u00e7ant par les rues P.\u00c9luard, F.Joliot-Curie, H.Wallon et l\u2019avenue de la R\u00e9publique.<\/li>\n\n\n\n<li>Nous impulserons la cr\u00e9ation d\u2019un parking silo pour les habitants et habitantes des Granges Sud dans le cadre du projet Artelia.<\/li>\n<\/ul>\n\n\n\n<div style=\"height:31px\" aria-hidden=\"true\" class=\"wp-block-spacer\"><\/div>\n\n\n\n<figure class=\"wp-block-image alignwide size-full animated fadeIn o-anim-hover is-style-default\"><img loading=\"lazy\" decoding=\"async\" width=\"2048\" height=\"1433\" src=\"https:\/\/www.echirollesensemble.fr\/wp-content\/uploads\/2026\/02\/Carto-projet.jpeg\" alt=\"\" class=\"wp-image-737\" srcset=\"https:\/\/www.echirollesensemble.fr\/wp-content\/uploads\/2026\/02\/Carto-projet.jpeg 2048w, https:\/\/www.echirollesensemble.fr\/wp-content\/uploads\/2026\/02\/Carto-projet-300x210.jpeg 300w, https:\/\/www.echirollesensemble.fr\/wp-content\/uploads\/2026\/02\/Carto-projet-1024x717.jpeg 1024w, https:\/\/www.echirollesensemble.fr\/wp-content\/uploads\/2026\/02\/Carto-projet-768x537.jpeg 768w, https:\/\/www.echirollesensemble.fr\/wp-content\/uploads\/2026\/02\/Carto-projet-1536x1075.jpeg 1536w\" sizes=\"auto, (max-width: 2048px) 100vw, 2048px\" \/><\/figure>\n<\/div>\n<\/div><\/div>\n\n\n\n<div class=\"wp-block-group animated fadeInLeft has-background\" style=\"border-radius:8px;background-color:#f9f8f7;padding-top:32px;padding-right:32px;padding-bottom:32px;padding-left:32px\"><div class=\"wp-block-group__inner-container is-layout-constrained wp-container-core-group-is-layout-1a1c0e64 wp-block-group-is-layout-constrained\">\n<div class=\"wp-block-columns is-layout-flex wp-container-core-columns-is-layout-cbe57604 wp-block-columns-is-layout-flex\">\n<div class=\"wp-block-column is-layout-flow wp-block-column-is-layout-flow\" style=\"flex-basis:33.33%\">\n<div class=\"wp-block-group\" style=\"margin-top:-64px\"><div class=\"wp-block-group__inner-container is-layout-constrained wp-block-group-is-layout-constrained\">\n<figure class=\"wp-block-image size-full has-custom-border\"><img loading=\"lazy\" decoding=\"async\" width=\"1400\" height=\"1614\" src=\"https:\/\/www.echirollesensemble.fr\/wp-content\/uploads\/2026\/02\/IG.png\" alt=\"\" class=\"wp-image-623\" style=\"border-radius:8px;aspect-ratio:3\/4;object-fit:cover\" srcset=\"https:\/\/www.echirollesensemble.fr\/wp-content\/uploads\/2026\/02\/IG.png 1400w, https:\/\/www.echirollesensemble.fr\/wp-content\/uploads\/2026\/02\/IG-260x300.png 260w, https:\/\/www.echirollesensemble.fr\/wp-content\/uploads\/2026\/02\/IG-888x1024.png 888w, https:\/\/www.echirollesensemble.fr\/wp-content\/uploads\/2026\/02\/IG-768x885.png 768w, https:\/\/www.echirollesensemble.fr\/wp-content\/uploads\/2026\/02\/IG-1332x1536.png 1332w\" sizes=\"auto, (max-width: 1400px) 100vw, 1400px\" \/><\/figure>\n<\/div><\/div>\n<\/div>\n\n\n\n<div class=\"wp-block-column is-vertically-aligned-center is-layout-flow wp-container-core-column-is-layout-f5bb311e wp-block-column-is-layout-flow\" style=\"flex-basis:66.66%\">\n<h2 class=\"wp-block-heading\">Isabelle Gmira<\/h2>\n\n\n\n<p class=\"has-small-font-size\" style=\"font-style:normal;font-weight:600;text-transform:uppercase\">ADJOINTE A LA MAIRE<\/p>\n\n\n\n<p>Depuis 2022, l\u2019\u00e9clairage public est \u00e9teint la nuit. Un r\u00e9ajustement a \u00e9t\u00e9 op\u00e9r\u00e9 en 2025 pour augmenter de 2 heures l\u2019allumage pour celles et ceux qui se l\u00e8vent t\u00f4t<br>ou rentrent tard. Nous voulons maintenant terminer la transition totale vers l\u2019\u00e9clairage en LED pour permettre un rallumage la nuit \u00e0 faible intensit\u00e9 pour r\u00e9pondre aux inqui\u00e9tudes du noir total, et continuer d\u2019allier pr\u00e9servation de la biodiversit\u00e9 nocturne et \u00e9conomies d\u2019\u00e9nergie.<\/p>\n\n\n\n<p><\/p>\n<\/div>\n<\/div>\n<\/div><\/div>\n\n\n\n<div style=\"height:37px\" aria-hidden=\"true\" class=\"wp-block-spacer\"><\/div>\n\n\n\n<div class=\"wp-block-group animated fadeInRight has-background is-nowrap is-layout-flex wp-container-core-group-is-layout-108885a5 wp-block-group-is-layout-flex\" style=\"border-radius:8px;background-color:#f9f8f7;padding-top:32px;padding-right:32px;padding-bottom:32px;padding-left:32px\">\n<div class=\"wp-block-columns is-layout-flex wp-container-core-columns-is-layout-cbe57604 wp-block-columns-is-layout-flex\">\n<div class=\"wp-block-column is-vertically-aligned-center is-layout-flow wp-container-core-column-is-layout-f5bb311e wp-block-column-is-layout-flow\" style=\"flex-basis:66.66%\">\n<h2 class=\"wp-block-heading\">Daniel Bessiron<\/h2>\n\n\n\n<p class=\"has-small-font-size\" style=\"font-style:normal;font-weight:600;text-transform:uppercase\">Adjoint | Conseiller d\u00e9partemental<\/p>\n\n\n\n<p><\/p>\n\n\n\n<p>\u00c0 \u00c9chirolles, la mobilit\u00e9 est un droit pour toutes et tous. Nous d\u00e9fendons des transports publics plus fr\u00e9quents, accessibles reliant chaque quartier et les communes voisines. Nous voulons s\u00e9curiser davantage les d\u00e9placements \u00e0 pied et \u00e0 v\u00e9lo, poursuivre le d\u00e9veloppement des pistes cyclables sans exclure la place de la voiture et maintenir r\u00e9solument la gratuit\u00e9 des stationnements, tout en appuyant avec force l\u2019arriv\u00e9e du tram E sur le cours Jean-Jaur\u00e8s et le d\u00e9ploiement du RER m\u00e9tropolitain, qui passera par notre gare. Une ville populaire, \u00e9cologique et solidaire se construit par des mobilit\u00e9s justes et adapt\u00e9es au service de l\u2019ensemble de ses habitants-es. Ensemble avec les \u00c9chirollois-es nous continuerons \u00e0 agir pour des choix publics ambitieux, utiles au quotidien.<\/p>\n<\/div>\n\n\n\n<div class=\"wp-block-column is-layout-flow wp-block-column-is-layout-flow\" style=\"flex-basis:33.33%\">\n<div class=\"wp-block-group\" style=\"margin-top:-64px\"><div class=\"wp-block-group__inner-container is-layout-constrained wp-block-group-is-layout-constrained\">\n<figure class=\"wp-block-image size-full is-resized has-custom-border\"><img loading=\"lazy\" decoding=\"async\" width=\"1200\" height=\"1600\" src=\"https:\/\/www.echirollesensemble.fr\/wp-content\/uploads\/2026\/02\/DB.png\" alt=\"\" class=\"wp-image-625\" style=\"border-radius:8px;aspect-ratio:3\/4;object-fit:cover;width:auto;height:500px\" srcset=\"https:\/\/www.echirollesensemble.fr\/wp-content\/uploads\/2026\/02\/DB.png 1200w, https:\/\/www.echirollesensemble.fr\/wp-content\/uploads\/2026\/02\/DB-225x300.png 225w, https:\/\/www.echirollesensemble.fr\/wp-content\/uploads\/2026\/02\/DB-768x1024.png 768w, https:\/\/www.echirollesensemble.fr\/wp-content\/uploads\/2026\/02\/DB-1152x1536.png 1152w\" sizes=\"auto, (max-width: 1200px) 100vw, 1200px\" \/><\/figure>\n<\/div><\/div>\n<\/div>\n<\/div>\n<\/div>\n\n\n\n<div style=\"height:33px\" aria-hidden=\"true\" class=\"wp-block-spacer\"><\/div>\n\n\n\n<div id=\"wp-block-themeisle-blocks-flip-b5b6584f\" class=\"wp-block-themeisle-blocks-flip anim flipY animated bounce\"><div class=\"o-flip-inner\"><div class=\"o-flip-front\"><div class=\"o-flip-content\"><h3>Le saviez-vous ?<\/h3><p><\/p><\/div><\/div><div class=\"o-flip-back\">\n<h2 class=\"wp-block-heading\">22<\/h2>\n\n\n\n<p class=\"has-medium-font-size\">C&rsquo;est le nombre de parcs et jardins que compte la ville, r\u00e9partis dans tous nos quartiers, dont 3 grands parcs.<\/p>\n<\/div><\/div><\/div>\n\n\n\n<div style=\"height:63px\" aria-hidden=\"true\" class=\"wp-block-spacer\"><\/div>\n","protected":false},"excerpt":{"rendered":"<p>Pour une ville durable &amp; \u00e9cologique Isabelle Gmira ADJOINTE A LA MAIRE Depuis 2022, l\u2019\u00e9clairage public est \u00e9teint la nuit. Un r\u00e9ajustement a \u00e9t\u00e9 op\u00e9r\u00e9 en 2025 pour augmenter de 2 heures l\u2019allumage pour celles et ceux qui se l\u00e8vent t\u00f4tou rentrent tard. Nous voulons maintenant terminer la transition totale [&hellip;]<\/p>\n","protected":false},"author":1,"featured_media":0,"parent":0,"menu_order":0,"comment_status":"closed","ping_status":"closed","template":"","meta":{"_themeisle_gutenberg_block_has_review":false,"footnotes":""},"class_list":["post-467","page","type-page","status-publish","hentry"],"_links":{"self":[{"href":"https:\/\/www.echirollesensemble.fr\/index.php\/wp-json\/wp\/v2\/pages\/467","targetHints":{"allow":["GET"]}}],"collection":[{"href":"https:\/\/www.echirollesensemble.fr\/index.php\/wp-json\/wp\/v2\/pages"}],"about":[{"href":"https:\/\/www.echirollesensemble.fr\/index.php\/wp-json\/wp\/v2\/types\/page"}],"author":[{"embeddable":true,"href":"https:\/\/www.echirollesensemble.fr\/index.php\/wp-json\/wp\/v2\/users\/1"}],"replies":[{"embeddable":true,"href":"https:\/\/www.echirollesensemble.fr\/index.php\/wp-json\/wp\/v2\/comments?post=467"}],"version-history":[{"count":12,"href":"https:\/\/www.echirollesensemble.fr\/index.php\/wp-json\/wp\/v2\/pages\/467\/revisions"}],"predecessor-version":[{"id":738,"href":"https:\/\/www.echirollesensemble.fr\/index.php\/wp-json\/wp\/v2\/pages\/467\/revisions\/738"}],"wp:attachment":[{"href":"https:\/\/www.echirollesensemble.fr\/index.php\/wp-json\/wp\/v2\/media?parent=467"}],"curies":[{"name":"wp","href":"https:\/\/api.w.org\/{rel}","templated":true}]}}