{"id":469,"date":"2026-02-06T10:04:59","date_gmt":"2026-02-06T10:04:59","guid":{"rendered":"https:\/\/www.echirollesensemble.fr\/?page_id=469"},"modified":"2026-02-11T15:09:02","modified_gmt":"2026-02-11T15:09:02","slug":"pour-une-ville-emancipatrice-citoyenne","status":"publish","type":"page","link":"https:\/\/www.echirollesensemble.fr\/index.php\/pour-une-ville-emancipatrice-citoyenne\/","title":{"rendered":"Pour une ville \u00e9mancipatrice &amp; citoyenne"},"content":{"rendered":"\n<div style=\"height:38px\" aria-hidden=\"true\" class=\"wp-block-spacer\"><\/div>\n\n\n\n<h1 class=\"wp-block-heading has-text-align-center has-secondary-color has-text-color has-link-color has-x-large-font-size wp-elements-a81a1b5e5eefe0df850953b30f7280bb\">Pour une ville \u00e9mancipatrice &amp; citoyenne<\/h1>\n\n\n\n<div id=\"wp-block-themeisle-blocks-advanced-columns-60142088\" class=\"wp-block-themeisle-blocks-advanced-columns alignfull has-1-columns has-desktop-equal-layout has-tablet-equal-layout has-mobile-equal-layout has-vertical-unset animated fadeIn\"><div class=\"wp-block-themeisle-blocks-advanced-columns-overlay\"><\/div><div class=\"innerblocks-wrap\">\n<div id=\"wp-block-themeisle-blocks-advanced-column-3ff48aad\" class=\"wp-block-themeisle-blocks-advanced-column\">\n<h5 class=\"wp-block-heading alignwide has-text-align-left has-black-color has-text-color\" style=\"font-size:43px;line-height:1\"><em>Le sport, la culture et l\u2019\u00e9ducation sont les piliers d\u2019une ville \u00e9mancipatrice. \u00c9chirolles est une ville \u00e9quip\u00e9e, structur\u00e9e et dynamique. Nous devons continuer \u00e0 soutenir et d\u00e9velopper les actions port\u00e9es par la ville, les clubs et les nombreuses associations, et placer l\u2019\u00e9ducation au c\u0153ur de notre projet.<\/em><\/h5>\n<\/div>\n<\/div><\/div>\n\n\n\n<div id=\"wp-block-themeisle-blocks-advanced-columns-01219de1\" class=\"wp-block-themeisle-blocks-advanced-columns alignwide has-2-columns has-desktop-equal-layout has-tablet-equal-layout has-mobile-collapsedRows-layout has-vertical-center has-light-bg animated fadeInLeft\"><div class=\"wp-block-themeisle-blocks-advanced-columns-overlay\"><\/div><div class=\"innerblocks-wrap\">\n<div id=\"wp-block-themeisle-blocks-advanced-column-93eccca7\" class=\"wp-block-themeisle-blocks-advanced-column\">\n<h6 class=\"wp-block-heading has-secondary-color has-text-color has-medium-font-size\"><strong><strong><strong>\u00c9COLES<\/strong><\/strong><\/strong><\/h6>\n\n\n\n<h4 class=\"wp-block-heading has-text-color has-link-color wp-elements-1a51ca7f279c9d1dc4bdff476ce7ff5c\" style=\"color:#070731;font-size:20px\"><strong>Une ville pour bien grandir<\/strong><\/h4>\n\n\n\n<ul class=\"wp-block-list\">\n<li>Nous mettrons en place un \u00ab&nbsp;plan fra\u00eecheur&nbsp;\u00bb pour les \u00e9coles afin de lutter contre la chaleur dans les salles de classe (ventilateurs de plafond, r\u00e9novation des fen\u00eatres, films solaires, peinture anti-chaleur des toitures, etc.)<\/li>\n\n\n\n<li>Nous poursuivrons notre plan de r\u00e9novation des \u00e9coles avec la maternelle Danielle-Casanova (ouest) d\u00e8s 2027.<\/li>\n\n\n\n<li>Nous travaillerons avec les parents d\u00e9l\u00e9gu\u00e9s pour s\u00e9curiser les entr\u00e9es et sorties d\u2019\u00e9cole (am\u00e9nagements pi\u00e9tons et cycles, p\u00e9dibus, etc.), afin d\u2019am\u00e9liorer la s\u00e9curit\u00e9 routi\u00e8re.<\/li>\n\n\n\n<li>Nous poursuivrons la v\u00e9g\u00e9talisation des cours d\u2019\u00e9cole.<\/li>\n\n\n\n<li>Nous poursuivrons le dispositif de la Cit\u00e9 \u00e9ducative.<\/li>\n\n\n\n<li>Nous renforcerons le budget d\u00e9di\u00e9 aux petits travaux dans les \u00e9coles.<\/li>\n\n\n\n<li>Nous poursuivrons le plan de d\u00e9ploiement des outils num\u00e9riques au service de l&rsquo;apprentissage.<\/li>\n\n\n\n<li>Nous engagerons des travaux d\u2019isolation thermique dans les \u00e9coles, en commen\u00e7ant \u00e0 l\u2019\u00e9cole Joliot-Curie (Est).<\/li>\n\n\n\n<li>Nous g\u00e9n\u00e9raliserons l\u2019installation de visiophones \u00e0 l\u2019entr\u00e9e des \u00e9coles.<\/li>\n\n\n\n<li>Nous confierons \u00e0 un \u00e9lu-e la d\u00e9l\u00e9gation aux droits de l\u2019Enfant (lutte contre le harc\u00e8lement, le d\u00e9crochage scolaire, la d\u00e9scolarisation, etc.).<\/li>\n\n\n\n<li>Nous cr\u00e9erons des bo\u00eetes de recueil de parole dans les \u00e9coles pour pr\u00e9venir et d\u00e9tecter les violences sur les enfants.<\/li>\n\n\n\n<li>Nous distribuerons gratuitement un kit de rentr\u00e9e \u00e0 tous les \u00e9l\u00e8ves entrant au CP.<\/li>\n\n\n\n<li>Nous sensibiliserons les \u00e9l\u00e8ves des \u00e9coles au tri des d\u00e9chets.<\/li>\n\n\n\n<li>Nous baisserons les tarifs de la restauration scolaire tout en am\u00e9liorant la qualit\u00e9 des repas, notamment par la cr\u00e9ation d\u2019une cuisine centrale mutualis\u00e9e avec Grenoble.<\/li>\n\n\n\n<li>Nous d\u00e9velopperons les programmes d\u2019aide aux devoirs et soutiendrons les associations qui \u0153uvrent dans ce domaine comme \u00ab&nbsp;Ma Chance moi aussi&nbsp;\u00bb.<\/li>\n\n\n\n<li>Nous organiserons des olympiades entre les \u00e9coles.<\/li>\n\n\n\n<li>Nous renforcerons les actions en faveur de la s\u00e9curit\u00e9 routi\u00e8re dans les \u00e9tablissements scolaires.<\/li>\n\n\n\n<li>Nous poursuivrons le dispositif des ateliers d\u2019\u00c9ducation, Artistiques et Culturels (EAC)<\/li>\n\n\n\n<li>Nous maintiendrons les interventions en milieu scolaire (sports, musiques), classes de d\u00e9couverte, le dispositif \u00ab&nbsp;savoir nager&nbsp;\u00bb, les vacances apprenantes.<\/li>\n\n\n\n<li>Nous maintiendrons une haute qualit\u00e9 d\u2019encadrement des \u00e9l\u00e8ves.<\/li>\n\n\n\n<li>Nous maintiendrons un p\u00e9riscolaire de qualit\u00e9.<\/li>\n\n\n\n<li>Nous encouragerons la pratique du v\u00e9lo dans les \u00e9tablissements scolaires.<\/li>\n\n\n\n<li>Nous poursuivrons le d\u00e9ploiement des garages \u00e0 v\u00e9lo dans les \u00e9coles.<\/li>\n<\/ul>\n<\/div>\n\n\n\n<div id=\"wp-block-themeisle-blocks-advanced-column-630e8862\" class=\"wp-block-themeisle-blocks-advanced-column\">\n<h6 class=\"wp-block-heading has-secondary-color has-text-color has-medium-font-size\"><strong><strong><strong><strong>JEUNESSE<\/strong><\/strong><\/strong><\/strong><\/h6>\n\n\n\n<h4 class=\"wp-block-heading has-text-color has-link-color wp-elements-5f5a58fc8e32b8a18a3d63340dd1d50e\" style=\"color:#070731;font-size:20px\"><strong><strong>Pour une ville qui croit en l&rsquo;avenir<\/strong><\/strong><\/h4>\n\n\n\n<ul class=\"wp-block-list\">\n<li>Nous augmenterons le nombre d\u2019\u00abemplois jeunesse\u00bb lors des vacances propos\u00e9s par la ville.<\/li>\n\n\n\n<li>Nous renforcerons les politiques d\u2019insertion professionnelle et le soutien aux associations d\u2019insertion.<\/li>\n\n\n\n<li>Nous cr\u00e9erons une plateforme r\u00e9unissant les entreprises du territoire et la ville afin de faciliter l\u2019acc\u00e8s aux stages et aux alternances.<\/li>\n\n\n\n<li>Nous renouvellerons les actions d\u2019acc\u00e8s \u00e0 la montagne, \u00e0 l&rsquo;instar de l&rsquo;initiative \u00ab \u00c0 chacun son sommet \u00bb.<\/li>\n\n\n\n<li>Nous organiserons de nouvelles actions \u00e0 destination des jeunes, notamment des accueils en soir\u00e9e.<\/li>\n\n\n\n<li>Nous valoriserons les talents num\u00e9riques de nos jeunes au travers d\u2019un \u00e9v\u00e9nement en lien avec des entreprises.<\/li>\n\n\n\n<li>Nous cr\u00e9erons une instance jeunesse pour valoriser l\u2019expression et l\u2019engagement des jeunes d\u2019\u00c9chirolles.<\/li>\n\n\n\n<li>Nous am\u00e9liorerons la communication \u00e0 destination des jeunes via les r\u00e9seaux sociaux, les messageries instantan\u00e9es et les m\u00e9dias adapt\u00e9s.<\/li>\n\n\n\n<li>Nous proposerons des cr\u00e9neaux gratuits dans les gymnases pour les associations de jeunes.<\/li>\n\n\n\n<li>Nous organiserons r\u00e9guli\u00e8rement des journ\u00e9es d\u00e9di\u00e9es \u00e0 la jeunesse.<\/li>\n\n\n\n<li>Nous maintiendrons le Bureau d\u2019Information et de l\u2019Initiative Jeunesse (BIIJ).<\/li>\n\n\n\n<li>Nous continuerons de financer des formations d\u2019animateurs et d\u2019animatrices BAFA.<\/li>\n\n\n\n<li>Nous poursuivrons le dispositif \u00ab&nbsp;1 jour 1 jeune&nbsp;\u00bb.<\/li>\n\n\n\n<li>Nous poursuivrons les animations Destination \u00c9t\u00e9 et Cap sur les Parcs.<\/li>\n\n\n\n<li>Nous continuerons de financer l\u2019aide \u00e0 la mobilit\u00e9 internationale pour nos jeunes.<\/li>\n\n\n\n<li>Nous maintiendrons le soutien \u00e0 la MJC Robert-Desnos.<\/li>\n<\/ul>\n<\/div>\n<\/div><\/div>\n\n\n\n<div id=\"wp-block-themeisle-blocks-advanced-columns-27d8e5d4\" class=\"wp-block-themeisle-blocks-advanced-columns alignwide has-2-columns has-desktop-equal-layout has-tablet-equal-layout has-mobile-collapsedRows-layout has-vertical-top has-light-bg animated fadeInRight\"><div class=\"wp-block-themeisle-blocks-advanced-columns-overlay\"><\/div><div class=\"innerblocks-wrap\">\n<div id=\"wp-block-themeisle-blocks-advanced-column-4f903cb2\" class=\"wp-block-themeisle-blocks-advanced-column\">\n<h6 class=\"wp-block-heading has-secondary-color has-text-color has-medium-font-size\"><strong><strong><strong>CULTURE<\/strong><\/strong><\/strong><\/h6>\n\n\n\n<h4 class=\"wp-block-heading has-text-color has-link-color wp-elements-a3a9b877e5fba9c6ce9c02d25dcc0fe4\" style=\"color:#070731;font-size:20px\"><strong>Pour la d\u00e9couverte et l&rsquo;\u00e9panouissement<\/strong><\/h4>\n\n\n\n<ul class=\"wp-block-list\">\n<li>Nous poursuivrons la grande f\u00eate de ville \u00ab&nbsp;Tempo Libre&nbsp;\u00bb en la co-construisant avec les associations du territoire.<\/li>\n\n\n\n<li>Nous cr\u00e9erons un parcours patrimonial de la ville, avec un site internet d\u00e9di\u00e9.<\/li>\n\n\n\n<li>Nous int\u00e9grerons le Grenoble Street-Art festival afin de cr\u00e9er des fresques et \u0153uvres sur le territoire communal.<\/li>\n\n\n\n<li>Nous impulserons la cr\u00e9ation artistique sur l\u2019espace public.<\/li>\n\n\n\n<li>Nous proposerons des spectacles et concerts \u00ab hors les murs \u00bb (La Rampe, cin\u00e9-th\u00e9\u00e2tre de la Ponati\u00e8re, etc.).<\/li>\n\n\n\n<li>Nous remettrons une carte de biblioth\u00e8que \u00e0 tous les \u00e9l\u00e8ves de CP et de 6e afin d\u2019encourager la fr\u00e9quentation des biblioth\u00e8ques.<\/li>\n\n\n\n<li>Nous proposerons un \u00ab&nbsp;ch\u00e8que culture et loisirs&nbsp;\u00bb incluant les cin\u00e9mas et diverses activit\u00e9s (piscine, salle de spectacle\u2026) \u00e0 destination des coll\u00e9giens.<\/li>\n\n\n\n<li>Nous poursuivrons les actions du P\u00f4le de la lecture et de l\u2019\u00e9crit et notamment celles du Bouquinbus.<\/li>\n\n\n\n<li>Nous continuerons de porter des \u00e9v\u00e8nements culturels in\u00e9dits et ambitieux, \u00e0 l\u2019instar de l\u2019exposition \u00ab&nbsp;Banksy \u00e0 \u00c9chirolles&nbsp;\u00bb.<\/li>\n\n\n\n<li>Nous pr\u00e9serverons le patrimoine ouvrier de la Viscose.<\/li>\n\n\n\n<li>Nous renforcerons la place du Mus\u00e9e Geo-Charles et de ses collections.<\/li>\n<\/ul>\n<\/div>\n\n\n\n<div id=\"wp-block-themeisle-blocks-advanced-column-03e98840\" class=\"wp-block-themeisle-blocks-advanced-column\">\n<h6 class=\"wp-block-heading has-secondary-color has-text-color has-medium-font-size\"><strong><strong><strong><strong><strong>SPORTS<\/strong><\/strong><\/strong><\/strong><\/strong><\/h6>\n\n\n\n<h4 class=\"wp-block-heading has-text-color has-link-color wp-elements-7ec6291a350eb0d46afb9cc6e25d2823\" style=\"color:#070731;font-size:20px\"><strong><strong>Une ville active en mouvement<\/strong><\/strong><\/h4>\n\n\n\n<ul class=\"wp-block-list\">\n<li>Nous installerons un city-stade dans le quartier Navis ainsi qu\u2019un espace de sport urbain (street workout).<\/li>\n\n\n\n<li>Nous cr\u00e9erons un parcours sportif dans le parc Geo-Charles ou Picasso.<\/li>\n\n\n\n<li>Nous am\u00e9nagerons un skatepark ou un pumptrack dans le parc Pablo-Picasso.<\/li>\n\n\n\n<li>Nous instaurerons la gratuit\u00e9 de la piscine en p\u00e9riode de canicule.<\/li>\n\n\n\n<li>Nous favoriserons la pratique sportive libre dans l\u2019espace public.<\/li>\n\n\n\n<li>Nous maintiendrons la qualit\u00e9 de nos \u00e9quipements sportifs.<\/li>\n\n\n\n<li>Nous conforterons la salle de sport \u00ab&nbsp;Vitale&nbsp;\u00bb comme \u00e9quipement municipal.<\/li>\n\n\n\n<li>Nous organiserons un \u00e9v\u00e9nement e-sport (jeux vid\u00e9os).<\/li>\n\n\n\n<li>Nous cr\u00e9erons des espaces conviviaux pour les parents et accompagnateurs \u00e0 l\u2019entr\u00e9e des \u00e9quipements sportifs et de loisirs.<\/li>\n\n\n\n<li>Nous cr\u00e9erons un parcours de running \u00ab&nbsp;\u00c9chi\u2019Run&nbsp;\u00bb \u00e0 la Villeneuve.<\/li>\n\n\n\n<li>Nous poursuivrons le soutien massif aux clubs de sports.<\/li>\n\n\n\n<li>Nous d\u00e9velopperons la pratique du sport en ville (\u00ab&nbsp;<em>street workout<\/em>&nbsp;\u00bb) dans les parcs et l\u2019espace public.<\/li>\n\n\n\n<li>Nous augmenterons le montant du \u00ab&nbsp;Ch\u00e8que sport&nbsp;\u00bb en partenariat avec l\u2019association Objectif Sport \u00c9chirolles.<\/li>\n\n\n\n<li>Nous continuerons le d\u00e9veloppement du handisport et nous renforcerons l\u2019adaptation de nos \u00e9quipements sportifs pour les personnes \u00e0 la mobilit\u00e9 r\u00e9duite.<\/li>\n\n\n\n<li>Nous soutiendrons toutes actions visant \u00e0 favoriser la pratique f\u00e9minine du sport.<\/li>\n<\/ul>\n<\/div>\n<\/div><\/div>\n\n\n\n<div id=\"wp-block-themeisle-blocks-advanced-columns-5a6573a6\" class=\"wp-block-themeisle-blocks-advanced-columns has-1-columns has-desktop-equal-layout has-tablet-equal-layout has-mobile-collapsedRows-layout has-vertical-top has-light-bg animated fadeInRight\"><div class=\"wp-block-themeisle-blocks-advanced-columns-overlay\"><\/div><div class=\"innerblocks-wrap\">\n<div id=\"wp-block-themeisle-blocks-advanced-column-3f142685\" class=\"wp-block-themeisle-blocks-advanced-column\">\n<h6 class=\"wp-block-heading has-secondary-color has-text-color has-medium-font-size\"><strong><strong><strong><strong>SOLIDARITES INTERNATIONALES<\/strong><\/strong><\/strong><\/strong><\/h6>\n\n\n\n<h4 class=\"wp-block-heading has-text-color has-link-color wp-elements-800c039e7b8e7f5d1b0f840f09972ec6\" style=\"color:#070731;font-size:20px\"><strong>\u00c9chirolles, ville monde<\/strong><\/h4>\n\n\n\n<ul class=\"wp-block-list\">\n<li>Nous poursuivrons la coop\u00e9ration d\u00e9centralis\u00e9e avec Honhou\u00e9\u2013Hou\u00e9yogb\u00e9 au B\u00e9nin.<\/li>\n\n\n\n<li>Nous renforcerons notre partenariat avec le camp de r\u00e9fugi\u00e9s d\u2019Askar II, en Palestine.<\/li>\n\n\n\n<li>Nous d\u00e9velopperons les \u00e9changes avec notre ville jumelle, Grugliasco en Italie, et les s\u00e9jours pour les jeunes \u00c9chirollois et \u00c9chirolloises.<\/li>\n\n\n\n<li>Nous inscrirons \u00c9chirolles dans le r\u00e9seau des Villes de la Paix et organiserons les Jeux de la Paix.<\/li>\n<\/ul>\n<\/div>\n<\/div><\/div>\n\n\n\n<div class=\"wp-block-group animated fadeInLeft has-background\" style=\"border-radius:8px;background-color:#f9f8f7;padding-top:32px;padding-right:32px;padding-bottom:32px;padding-left:32px\"><div class=\"wp-block-group__inner-container is-layout-constrained wp-container-core-group-is-layout-1a1c0e64 wp-block-group-is-layout-constrained\">\n<div class=\"wp-block-columns is-layout-flex wp-container-core-columns-is-layout-cbe57604 wp-block-columns-is-layout-flex\">\n<div class=\"wp-block-column is-layout-flow wp-block-column-is-layout-flow\" style=\"flex-basis:33.33%\">\n<div class=\"wp-block-group\" style=\"margin-top:-64px\"><div class=\"wp-block-group__inner-container is-layout-constrained wp-block-group-is-layout-constrained\">\n<figure class=\"wp-block-image size-full has-custom-border\"><img loading=\"lazy\" decoding=\"async\" width=\"1600\" height=\"2133\" src=\"https:\/\/www.echirollesensemble.fr\/wp-content\/uploads\/2026\/02\/6b074c8e1f6043ce975e95761b4565f0jfVG3HiqMQSCoMpC-0.png\" alt=\"\" class=\"wp-image-631\" style=\"border-radius:8px;aspect-ratio:9\/16;object-fit:cover\" srcset=\"https:\/\/www.echirollesensemble.fr\/wp-content\/uploads\/2026\/02\/6b074c8e1f6043ce975e95761b4565f0jfVG3HiqMQSCoMpC-0.png 1600w, https:\/\/www.echirollesensemble.fr\/wp-content\/uploads\/2026\/02\/6b074c8e1f6043ce975e95761b4565f0jfVG3HiqMQSCoMpC-0-225x300.png 225w, https:\/\/www.echirollesensemble.fr\/wp-content\/uploads\/2026\/02\/6b074c8e1f6043ce975e95761b4565f0jfVG3HiqMQSCoMpC-0-768x1024.png 768w, https:\/\/www.echirollesensemble.fr\/wp-content\/uploads\/2026\/02\/6b074c8e1f6043ce975e95761b4565f0jfVG3HiqMQSCoMpC-0-1152x1536.png 1152w, https:\/\/www.echirollesensemble.fr\/wp-content\/uploads\/2026\/02\/6b074c8e1f6043ce975e95761b4565f0jfVG3HiqMQSCoMpC-0-1536x2048.png 1536w\" sizes=\"auto, (max-width: 1600px) 100vw, 1600px\" \/><\/figure>\n<\/div><\/div>\n<\/div>\n\n\n\n<div class=\"wp-block-column is-vertically-aligned-center is-layout-flow wp-container-core-column-is-layout-f5bb311e wp-block-column-is-layout-flow\" style=\"flex-basis:66.66%\">\n<h2 class=\"wp-block-heading\">Assia Hamzaoui<\/h2>\n\n\n\n<p class=\"has-small-font-size\" style=\"font-style:normal;font-weight:600;text-transform:uppercase\">Pr\u00e9sidente de club sportif<\/p>\n\n\n\n<p>Des repas de qualit\u00e9 et \u00e9quilibr\u00e9s sont essentiels pour permettre \u00e0 nos enfants de bien grandir et de bien apprendre. La Ville privil\u00e9gie pour cela des produits locaux, de qualit\u00e9 pour la restauration municipale et pr\u00e8s de la moiti\u00e9 est issue de l\u2019agriculture biologique. Malgr\u00e9 une tarification sociale, le co\u00fbt de la cantine reste une charge importante pour de nombreuses familles. Nous nous engageons \u00e0 baisser les tarifs pour que chaque \u00e9l\u00e8ve \u00e9chirollois puisse avoir acc\u00e8s \u00e0 un repas de qualit\u00e9, \u00e9quilibr\u00e9, tout en garantissant sa soutenabilit\u00e9 au sein de notre budget communal.<\/p>\n<\/div>\n<\/div>\n<\/div><\/div>\n\n\n\n<div style=\"height:41px\" aria-hidden=\"true\" class=\"wp-block-spacer\"><\/div>\n\n\n\n<div class=\"wp-block-group animated fadeInRight has-background is-nowrap is-layout-flex wp-container-core-group-is-layout-108885a5 wp-block-group-is-layout-flex\" style=\"border-radius:8px;background-color:#f9f8f7;padding-top:32px;padding-right:32px;padding-bottom:32px;padding-left:32px\">\n<div class=\"wp-block-columns is-layout-flex wp-container-core-columns-is-layout-cbe57604 wp-block-columns-is-layout-flex\">\n<div class=\"wp-block-column is-vertically-aligned-center is-layout-flow wp-container-core-column-is-layout-f5bb311e wp-block-column-is-layout-flow\" style=\"flex-basis:66.66%\">\n<h2 class=\"wp-block-heading\">Za\u00efm Bouhafs<\/h2>\n\n\n\n<p class=\"has-small-font-size\" style=\"font-style:normal;font-weight:600;text-transform:uppercase\">Adjoint \u00e0 la Maire<\/p>\n\n\n\n<p>\u00c0 \u00c9chirolles, beaucoup de jeunes ont du talent mais peuvent manquer de r\u00e9seau et donc avoir des difficult\u00e9s pour trouver un stage ou une alternance. C\u2019est une injustice qui peut devenir une source d\u2019angoisse pour eux et leur famille. Nous voulons corriger cela. Comme 2e bassin d\u2019emplois de l\u2019Is\u00e8re, nous avons la chance de pouvoir b\u00e9n\u00e9ficier d\u2019un large vivier d\u2019entreprises. Avec notre future Plateforme locale, nous souhaitons faciliter les liens entre les entreprises du territoire et les jeunes \u00c9chirolloises et \u00c9chirollois, pour que chacun ait sa chance. Donner \u00e0 toutes et tous les m\u00eames opportunit\u00e9s, ouvrir des portes et aider pour que chacun et chacune puisse construire son avenir, c\u2019est agir concr\u00e8tement pour l\u2019\u00e9galit\u00e9 et l\u2019avenir de la jeunesse.<\/p>\n<\/div>\n\n\n\n<div class=\"wp-block-column is-layout-flow wp-block-column-is-layout-flow\" style=\"flex-basis:33.33%\">\n<div class=\"wp-block-group\" style=\"margin-top:-64px\"><div class=\"wp-block-group__inner-container is-layout-constrained wp-block-group-is-layout-constrained\">\n<figure class=\"wp-block-image size-full is-resized has-custom-border\"><img loading=\"lazy\" decoding=\"async\" width=\"768\" height=\"751\" src=\"https:\/\/www.echirollesensemble.fr\/wp-content\/uploads\/2026\/02\/474e76df416b40308ee82beac25aa86cl7ntb6lY8XXkYhOb-1.png\" alt=\"\" class=\"wp-image-633\" style=\"border-radius:8px;aspect-ratio:3\/4;object-fit:cover;width:auto;height:500px\" srcset=\"https:\/\/www.echirollesensemble.fr\/wp-content\/uploads\/2026\/02\/474e76df416b40308ee82beac25aa86cl7ntb6lY8XXkYhOb-1.png 768w, https:\/\/www.echirollesensemble.fr\/wp-content\/uploads\/2026\/02\/474e76df416b40308ee82beac25aa86cl7ntb6lY8XXkYhOb-1-300x293.png 300w\" sizes=\"auto, (max-width: 768px) 100vw, 768px\" \/><\/figure>\n<\/div><\/div>\n<\/div>\n<\/div>\n<\/div>\n\n\n\n<div style=\"height:33px\" aria-hidden=\"true\" class=\"wp-block-spacer\"><\/div>\n\n\n\n<div id=\"wp-block-themeisle-blocks-flip-b5b6584f\" class=\"wp-block-themeisle-blocks-flip anim flipY animated bounce\"><div class=\"o-flip-inner\"><div class=\"o-flip-front\"><div class=\"o-flip-content\"><h3>Le saviez-vous ?<\/h3><p><\/p><\/div><\/div><div class=\"o-flip-back\">\n<h2 class=\"wp-block-heading\">64%<\/h2>\n\n\n\n<p class=\"has-medium-font-size\">des repas de la restauration scolaire sont compos\u00e9s de produits durables et de qualit\u00e9 dont 48% de bio.<\/p>\n<\/div><\/div><\/div>\n\n\n\n<div style=\"height:70px\" aria-hidden=\"true\" class=\"wp-block-spacer\"><\/div>\n","protected":false},"excerpt":{"rendered":"<p>Pour une ville \u00e9mancipatrice &amp; citoyenne Assia Hamzaoui Pr\u00e9sidente de club sportif Des repas de qualit\u00e9 et \u00e9quilibr\u00e9s sont essentiels pour permettre \u00e0 nos enfants de bien grandir et de bien apprendre. La Ville privil\u00e9gie pour cela des produits locaux, de qualit\u00e9 pour la restauration municipale et pr\u00e8s de la [&hellip;]<\/p>\n","protected":false},"author":1,"featured_media":0,"parent":0,"menu_order":0,"comment_status":"closed","ping_status":"closed","template":"","meta":{"_themeisle_gutenberg_block_has_review":false,"footnotes":""},"class_list":["post-469","page","type-page","status-publish","hentry"],"_links":{"self":[{"href":"https:\/\/www.echirollesensemble.fr\/index.php\/wp-json\/wp\/v2\/pages\/469","targetHints":{"allow":["GET"]}}],"collection":[{"href":"https:\/\/www.echirollesensemble.fr\/index.php\/wp-json\/wp\/v2\/pages"}],"about":[{"href":"https:\/\/www.echirollesensemble.fr\/index.php\/wp-json\/wp\/v2\/types\/page"}],"author":[{"embeddable":true,"href":"https:\/\/www.echirollesensemble.fr\/index.php\/wp-json\/wp\/v2\/users\/1"}],"replies":[{"embeddable":true,"href":"https:\/\/www.echirollesensemble.fr\/index.php\/wp-json\/wp\/v2\/comments?post=469"}],"version-history":[{"count":10,"href":"https:\/\/www.echirollesensemble.fr\/index.php\/wp-json\/wp\/v2\/pages\/469\/revisions"}],"predecessor-version":[{"id":729,"href":"https:\/\/www.echirollesensemble.fr\/index.php\/wp-json\/wp\/v2\/pages\/469\/revisions\/729"}],"wp:attachment":[{"href":"https:\/\/www.echirollesensemble.fr\/index.php\/wp-json\/wp\/v2\/media?parent=469"}],"curies":[{"name":"wp","href":"https:\/\/api.w.org\/{rel}","templated":true}]}}