{"id":471,"date":"2026-02-06T10:05:12","date_gmt":"2026-02-06T10:05:12","guid":{"rendered":"https:\/\/www.echirollesensemble.fr\/?page_id=471"},"modified":"2026-02-11T15:12:17","modified_gmt":"2026-02-11T15:12:17","slug":"pour-une-ville-du-quotidien","status":"publish","type":"page","link":"https:\/\/www.echirollesensemble.fr\/index.php\/pour-une-ville-du-quotidien\/","title":{"rendered":"Pour une ville du quotidien"},"content":{"rendered":"\n<div style=\"height:33px\" aria-hidden=\"true\" class=\"wp-block-spacer\"><\/div>\n\n\n\n<h1 class=\"wp-block-heading has-text-align-center has-text-color has-link-color has-x-large-font-size wp-elements-c4175fee6c6b3d01f8eec5671cf19f73\" style=\"color:#ffbd7b\">Pour une ville du quotidien<\/h1>\n\n\n\n<div id=\"wp-block-themeisle-blocks-advanced-columns-60142088\" class=\"wp-block-themeisle-blocks-advanced-columns alignfull has-1-columns has-desktop-equal-layout has-tablet-equal-layout has-mobile-equal-layout has-vertical-unset animated fadeIn\"><div class=\"wp-block-themeisle-blocks-advanced-columns-overlay\"><\/div><div class=\"innerblocks-wrap\">\n<div id=\"wp-block-themeisle-blocks-advanced-column-3ff48aad\" class=\"wp-block-themeisle-blocks-advanced-column\">\n<h5 class=\"wp-block-heading alignwide has-text-align-left has-black-color has-text-color\" style=\"font-size:43px;line-height:1\"><em>Nous voulons une ville de la quotidiennet\u00e9, capable de r\u00e9pondre rapidement aux d\u00e9sagr\u00e9ments qui nuisent au cadre de vie : en bas de chez soi, dans son quartier ou aux abords de son lieu de travail. La r\u00e9activit\u00e9 des services publics est essentielle pour am\u00e9liorer la qualit\u00e9 de vie. Une ville du quotidien, c&rsquo;est aussi les forces vives qui l&rsquo;animent et la font vivre, sa dynamique associative, les b\u00e9n\u00e9voles, les citoyennes et citoyens engag\u00e9s pour leur quartier, pour leur territoire, pour une cause juste. Celles et ceux qui font le bien vivre-ensemble.<\/em><\/h5>\n<\/div>\n<\/div><\/div>\n\n\n\n<div id=\"wp-block-themeisle-blocks-advanced-columns-01219de1\" class=\"wp-block-themeisle-blocks-advanced-columns alignwide has-2-columns has-desktop-equal-layout has-tablet-equal-layout has-mobile-collapsedRows-layout has-vertical-center has-light-bg animated fadeInLeft\"><div class=\"wp-block-themeisle-blocks-advanced-columns-overlay\"><\/div><div class=\"innerblocks-wrap\">\n<div id=\"wp-block-themeisle-blocks-advanced-column-93eccca7\" class=\"wp-block-themeisle-blocks-advanced-column\">\n<h6 class=\"wp-block-heading has-secondary-color has-text-color has-medium-font-size\"><strong><strong><strong>VIE CITOYENNE &amp; ASSOCIATIVE<\/strong><\/strong><\/strong><\/h6>\n\n\n\n<h4 class=\"wp-block-heading has-text-color has-link-color wp-elements-b13eeacf0edeac4d978f7c004ddd31a0\" style=\"color:#070731;font-size:20px\"><strong>Pour une ville qui f\u00e9d\u00e8re les \u00e9nergies<\/strong><\/h4>\n\n\n\n<ul class=\"wp-block-list\">\n<li>Nous \u00e9largirons le budget participatif \u00e0 l\u2019ensemble des quartiers, avec un projet dans chaque quartier sur six ans.<\/li>\n\n\n\n<li>Nous impulserons un r\u00e9seau d\u2019entraide inter-associations pour l\u2019accompagnement des d\u00e9marches administratives.<\/li>\n\n\n\n<li>Nous mettrons en place un contrat d\u2019engagement b\u00e9n\u00e9vole afin de valoriser le parcours des citoyens et citoyennes engag\u00e9s, ainsi que de leur association.<\/li>\n\n\n\n<li>Nous soutiendrons la vie associative locale par l\u2019accompagnement de leurs initiatives.<\/li>\n\n\n\n<li>Nous conforterons le soutien financier de la Ville aux associations.<\/li>\n\n\n\n<li>Nous impulserons l\u2019organisation d\u2019un troc de plantes sous la Halle-Giroud.<\/li>\n\n\n\n<li>Nous organiserons, avec les associations, une \u00ab&nbsp;F\u00eate de l\u2019hiver&nbsp;\u00bb pour l\u2019allumage des illuminations de No\u00ebl, avec un temps festif et solidaire sur la place des Cinq-Fontaines.<\/li>\n\n\n\n<li>Nous lancerons une campagne de promotion de la Fabrique citoyenne et nous d\u00e9velopperons les d\u00e9marches \u00ab&nbsp;d\u2019aller-vers&nbsp;\u00bb afin de sensibiliser \u00e0 la concertation.<\/li>\n\n\n\n<li>Nous poursuivrons l\u2019accompagnement des b\u00e9n\u00e9voles dans la gestion de la vie de leur association et dans l\u2019acc\u00e8s aux outils num\u00e9riques, notamment la cr\u00e9ation de sites internet gratuits h\u00e9berg\u00e9s par la ville.<\/li>\n\n\n\n<li>Nous organiserons de grands temps de concertation (Assises citoyennes, Forum urbain, etc.), ainsi que des ateliers dans chaque grand quartier (Assembl\u00e9es de quartiers).<\/li>\n\n\n\n<li>Nous ferons la promotion de la Charte citoyenne afin que les habitants et habitantes puissent davantage s\u2019en saisir.<\/li>\n<\/ul>\n<\/div>\n\n\n\n<div id=\"wp-block-themeisle-blocks-advanced-column-630e8862\" class=\"wp-block-themeisle-blocks-advanced-column\">\n<h6 class=\"wp-block-heading has-secondary-color has-text-color has-medium-font-size\"><strong><strong><strong><strong>PROPRET\u00c9 &amp; CADRE DE VIE<\/strong><\/strong><\/strong><\/strong><\/h6>\n\n\n\n<h4 class=\"wp-block-heading has-text-color has-link-color wp-elements-c387399d05794eae6caae31cc3f6d5b2\" style=\"color:#070731;font-size:20px\"><strong><strong>Une ville r\u00e9active et agr\u00e9able<\/strong><\/strong><\/h4>\n\n\n\n<ul class=\"wp-block-list\">\n<li>Nous mettrons en place des ramassages de d\u00e9chets dans les parcs et sur les places le week-end.<\/li>\n\n\n\n<li>Nous installerons des cam\u00e9ras mobiles pour identifier et verbaliser les auteurs de d\u00e9p\u00f4ts sauvages.<\/li>\n\n\n\n<li>Nous d\u00e9fendrons la cr\u00e9ation d\u2019une brigade m\u00e9tropolitaine de proximit\u00e9 d\u00e9di\u00e9e \u00e0 la lutte contre les tags et les encombrants.<\/li>\n\n\n\n<li>Nous cr\u00e9erons un espace d\u00e9di\u00e9 sur le site internet pour signaler les probl\u00e8mes du quotidien.<\/li>\n\n\n\n<li>Nous cr\u00e9erons un service public de la fra\u00eecheur afin de mobiliser l\u2019ensemble des services municipaux sur cette probl\u00e9matique.<\/li>\n\n\n\n<li>Nous proposerons aux habitants et habitantes des commandes group\u00e9es (ramonage, achat de bois, denr\u00e9es alimentaires, les fournitures scolaires, etc.).<\/li>\n\n\n\n<li>Nous installerons des barri\u00e8res et du mobilier urbain adapt\u00e9 pour contrer les incivilit\u00e9s (pr\u00e9vention situationnelle).<\/li>\n\n\n\n<li>Nous d\u00e9velopperons les zones de compostage et accompagnerons les habitants dans ces d\u00e9marches.<\/li>\n\n\n\n<li>Nous organiserons des Journ\u00e9es citoyennes de ramassage des d\u00e9chets avec les associations et les \u00e9coles.<\/li>\n\n\n\n<li>Nous travaillerons \u00e0 l\u2019agrandissement du cimeti\u00e8re dans le quartier ouest.<\/li>\n<\/ul>\n<\/div>\n<\/div><\/div>\n\n\n\n<div class=\"wp-block-group animated fadeInLeft has-background\" style=\"border-radius:8px;background-color:#f9f8f7;padding-top:32px;padding-right:32px;padding-bottom:32px;padding-left:32px\"><div class=\"wp-block-group__inner-container is-layout-constrained wp-container-core-group-is-layout-1a1c0e64 wp-block-group-is-layout-constrained\">\n<div class=\"wp-block-columns is-layout-flex wp-container-core-columns-is-layout-cbe57604 wp-block-columns-is-layout-flex\">\n<div class=\"wp-block-column is-layout-flow wp-block-column-is-layout-flow\" style=\"flex-basis:33.33%\">\n<div class=\"wp-block-group\" style=\"margin-top:-64px\"><div class=\"wp-block-group__inner-container is-layout-constrained wp-block-group-is-layout-constrained\">\n<figure class=\"wp-block-image size-full has-custom-border wp-duotone-rgb136262-fff278-1\"><img loading=\"lazy\" decoding=\"async\" width=\"1200\" height=\"1600\" src=\"https:\/\/www.echirollesensemble.fr\/wp-content\/uploads\/2026\/02\/ac39f8cbaff84697f8d7a7c07493ea9cym6LnxClFNh39sZR-0.png\" alt=\"\" class=\"wp-image-637\" style=\"border-radius:8px;aspect-ratio:9\/16;object-fit:cover\" srcset=\"https:\/\/www.echirollesensemble.fr\/wp-content\/uploads\/2026\/02\/ac39f8cbaff84697f8d7a7c07493ea9cym6LnxClFNh39sZR-0.png 1200w, https:\/\/www.echirollesensemble.fr\/wp-content\/uploads\/2026\/02\/ac39f8cbaff84697f8d7a7c07493ea9cym6LnxClFNh39sZR-0-225x300.png 225w, https:\/\/www.echirollesensemble.fr\/wp-content\/uploads\/2026\/02\/ac39f8cbaff84697f8d7a7c07493ea9cym6LnxClFNh39sZR-0-768x1024.png 768w, https:\/\/www.echirollesensemble.fr\/wp-content\/uploads\/2026\/02\/ac39f8cbaff84697f8d7a7c07493ea9cym6LnxClFNh39sZR-0-1152x1536.png 1152w\" sizes=\"auto, (max-width: 1200px) 100vw, 1200px\" \/><\/figure>\n<\/div><\/div>\n<\/div>\n\n\n\n<div class=\"wp-block-column is-vertically-aligned-center is-layout-flow wp-container-core-column-is-layout-f5bb311e wp-block-column-is-layout-flow\" style=\"flex-basis:66.66%\">\n<h2 class=\"wp-block-heading\">Hakim Bendellaa<\/h2>\n\n\n\n<p class=\"has-small-font-size\" style=\"font-style:normal;font-weight:600;text-transform:uppercase\">Militant associatif<\/p>\n\n\n\n<p>La propret\u00e9, le respect de notre cadre de vie, c\u2019est la base du bien-vivre ensemble. Nous voulons une ville agr\u00e9able au quotidien, o\u00f9 chacune et chacun se sente bien dans son quartier. Nos parcs, jardins et places sont tr\u00e8s attractifs et fr\u00e9quent\u00e9s le week-end, ce qui peut conduire \u00e0 une concentration importante de d\u00e9chets et donc nuire \u00e0 la beaut\u00e9 de ces espaces. C\u2019est pourquoi nous renforcerons les moyens consacr\u00e9s \u00e0 la propret\u00e9, avec des tourn\u00e9es de ramassage des d\u00e9chets les week-ends, une pr\u00e9sence accrue des agents sur le terrain et une sensibilisation renforc\u00e9e aupr\u00e8s des habitantes et des habitants. Parce qu\u2019\u00c9chirolles m\u00e9rite d\u2019\u00eatre belle et soign\u00e9e, ensemble, faisons-en une ville plus propre, accueillante, exemplaire et surtout r\u00e9active.<\/p>\n<\/div>\n<\/div>\n<\/div><\/div>\n\n\n\n<div style=\"height:54px\" aria-hidden=\"true\" class=\"wp-block-spacer\"><\/div>\n","protected":false},"excerpt":{"rendered":"<p>Pour une ville du quotidien Hakim Bendellaa Militant associatif La propret\u00e9, le respect de notre cadre de vie, c\u2019est la base du bien-vivre ensemble. Nous voulons une ville agr\u00e9able au quotidien, o\u00f9 chacune et chacun se sente bien dans son quartier. Nos parcs, jardins et places sont tr\u00e8s attractifs et [&hellip;]<\/p>\n","protected":false},"author":1,"featured_media":0,"parent":0,"menu_order":0,"comment_status":"closed","ping_status":"closed","template":"","meta":{"_themeisle_gutenberg_block_has_review":false,"footnotes":""},"class_list":["post-471","page","type-page","status-publish","hentry"],"_links":{"self":[{"href":"https:\/\/www.echirollesensemble.fr\/index.php\/wp-json\/wp\/v2\/pages\/471","targetHints":{"allow":["GET"]}}],"collection":[{"href":"https:\/\/www.echirollesensemble.fr\/index.php\/wp-json\/wp\/v2\/pages"}],"about":[{"href":"https:\/\/www.echirollesensemble.fr\/index.php\/wp-json\/wp\/v2\/types\/page"}],"author":[{"embeddable":true,"href":"https:\/\/www.echirollesensemble.fr\/index.php\/wp-json\/wp\/v2\/users\/1"}],"replies":[{"embeddable":true,"href":"https:\/\/www.echirollesensemble.fr\/index.php\/wp-json\/wp\/v2\/comments?post=471"}],"version-history":[{"count":5,"href":"https:\/\/www.echirollesensemble.fr\/index.php\/wp-json\/wp\/v2\/pages\/471\/revisions"}],"predecessor-version":[{"id":733,"href":"https:\/\/www.echirollesensemble.fr\/index.php\/wp-json\/wp\/v2\/pages\/471\/revisions\/733"}],"wp:attachment":[{"href":"https:\/\/www.echirollesensemble.fr\/index.php\/wp-json\/wp\/v2\/media?parent=471"}],"curies":[{"name":"wp","href":"https:\/\/api.w.org\/{rel}","templated":true}]}}