{"id":93,"date":"2026-01-04T21:28:38","date_gmt":"2026-01-04T21:28:38","guid":{"rendered":"https:\/\/www.echirollesensemble.fr\/?page_id=93"},"modified":"2026-02-11T15:37:15","modified_gmt":"2026-02-11T15:37:15","slug":"en-construction","status":"publish","type":"page","link":"https:\/\/www.echirollesensemble.fr\/","title":{"rendered":"Accueil"},"content":{"rendered":"\n<figure class=\"wp-block-gallery has-nested-images columns-default is-cropped wp-block-gallery-1 is-layout-flex wp-block-gallery-is-layout-flex\">\n<figure class=\"wp-block-image size-full animated fadeIn is-style-default\"><img loading=\"lazy\" decoding=\"async\" width=\"2560\" height=\"974\" data-id=\"295\" src=\"https:\/\/www.echirollesensemble.fr\/wp-content\/uploads\/2026\/01\/accueil-site-scaled.jpg\" alt=\"\" class=\"wp-image-295\" srcset=\"https:\/\/www.echirollesensemble.fr\/wp-content\/uploads\/2026\/01\/accueil-site-scaled.jpg 2560w, https:\/\/www.echirollesensemble.fr\/wp-content\/uploads\/2026\/01\/accueil-site-300x114.jpg 300w, https:\/\/www.echirollesensemble.fr\/wp-content\/uploads\/2026\/01\/accueil-site-1024x390.jpg 1024w, https:\/\/www.echirollesensemble.fr\/wp-content\/uploads\/2026\/01\/accueil-site-768x292.jpg 768w, https:\/\/www.echirollesensemble.fr\/wp-content\/uploads\/2026\/01\/accueil-site-1536x584.jpg 1536w, https:\/\/www.echirollesensemble.fr\/wp-content\/uploads\/2026\/01\/accueil-site-2048x779.jpg 2048w\" sizes=\"auto, (max-width: 2560px) 100vw, 2560px\" \/><\/figure>\n<\/figure>\n\n\n\n<div class=\"wp-block-themeisle-blocks-modal\"><\/div>\n\n\n\n<div id=\"wp-block-themeisle-blocks-advanced-columns-6049f278\" class=\"wp-block-themeisle-blocks-advanced-columns has-1-columns has-desktop-equal-layout has-tablet-equal-layout has-mobile-equal-layout has-vertical-unset\"><div class=\"wp-block-themeisle-blocks-advanced-columns-overlay\"><\/div><div class=\"innerblocks-wrap\">\n<div id=\"wp-block-themeisle-blocks-advanced-column-924cbe3b\" class=\"wp-block-themeisle-blocks-advanced-column\"><\/div>\n<\/div><\/div>\n\n\n\n<div class=\"wp-block-columns is-layout-flex wp-container-core-columns-is-layout-8af82f96 wp-block-columns-is-layout-flex\" style=\"margin-top:var(--wp--preset--spacing--70);margin-bottom:var(--wp--preset--spacing--70);padding-top:var(--wp--preset--spacing--50);padding-bottom:var(--wp--preset--spacing--50)\">\n<div class=\"wp-block-column is-layout-flow wp-block-column-is-layout-flow\"><\/div>\n\n\n\n<div class=\"wp-block-column has-large-font-size is-layout-flow wp-block-column-is-layout-flow\">\n<div class=\"wp-block-group alignwide\"><div class=\"wp-block-group__inner-container is-layout-constrained wp-block-group-is-layout-constrained\">\n<div class=\"wp-block-buttons alignwide is-content-justification-center is-layout-flex wp-container-core-buttons-is-layout-a89b3969 wp-block-buttons-is-layout-flex\">\n<div class=\"wp-block-button has-custom-width wp-block-button__width-100 animated fadeInDown is-style-fill\"><a class=\"wp-block-button__link has-white-color has-text-color has-background has-link-color has-custom-font-size wp-element-button\" href=\"https:\/\/www.echirollesensemble.fr\/index.php\/le-programme\/\" style=\"background:linear-gradient(135deg,rgb(112,66,139) 0%,rgb(144,213,210) 100%);font-size:31px\">D\u00e9couvrir le projet<\/a><\/div>\n<\/div>\n<\/div><\/div>\n<\/div>\n\n\n\n<div class=\"wp-block-column is-layout-flow wp-block-column-is-layout-flow\" style=\"flex-basis:5px\"><\/div>\n\n\n\n<div class=\"wp-block-column is-layout-flow wp-block-column-is-layout-flow\">\n<div class=\"wp-block-buttons alignwide has-custom-font-size has-large-font-size is-content-justification-center is-layout-flex wp-container-core-buttons-is-layout-a89b3969 wp-block-buttons-is-layout-flex\">\n<div class=\"wp-block-button has-custom-width wp-block-button__width-100 animated fadeInDown\"><a class=\"wp-block-button__link has-white-color has-text-color has-background has-link-color has-custom-font-size wp-element-button\" href=\"https:\/\/www.echirollesensemble.fr\/index.php\/contactez-nous\/\" style=\"background:linear-gradient(135deg,rgb(112,66,139) 0%,rgb(144,213,210) 100%);font-size:31px\">Rejoindre la campagne<\/a><\/div>\n<\/div>\n<\/div>\n\n\n\n<div class=\"wp-block-column is-layout-flow wp-block-column-is-layout-flow\"><\/div>\n<\/div>\n\n\n\n<div class=\"wp-block-group bloc-central ticss-cdb5ec77\"><div class=\"wp-block-group__inner-container is-layout-constrained wp-block-group-is-layout-constrained\">\n<h4 class=\"wp-block-heading has-text-align-left\">Maire d\u2019\u00c9chirolles depuis deux ans, je m\u2019engage chaque jour \u00e0 \u00eatre \u00e0 vos c\u00f4t\u00e9s, \u00e0 votre \u00e9coute, dans tous les quartiers. Avec la liste <strong>\u00c9chirolles Ensemble<\/strong>, je vous propose de poursuivre une dynamique fond\u00e9e sur l\u2019action concr\u00e8te, la proximit\u00e9 et la justice sociale, pour une ville qui prot\u00e8ge, qui rassemble et qui pr\u00e9pare l\u2019avenir.<\/h4>\n\n\n\n<div class=\"wp-block-group\"><div class=\"wp-block-group__inner-container is-layout-constrained wp-block-group-is-layout-constrained\">\n<h5 class=\"wp-block-heading has-text-align-center\"><strong>Nos priorit\u00e9s pour \u00c9chirolles :<\/strong><\/h5>\n<\/div><\/div>\n\n\n\n<ul class=\"wp-block-list\">\n<li class=\"has-medium-font-size\"><strong>Une \u00e9cologie du quotidien<\/strong>, juste et concr\u00e8te : adaptation des \u00e9coles et b\u00e2timents aux fortes chaleurs, cr\u00e9ation d\u2019espaces de fra\u00eecheur, parcs et jardins partag\u00e9s, plantations d\u2019arbres, d\u00e9veloppement des mobilit\u00e9s douces, r\u00e9novation des logements pour r\u00e9duire les factures d\u2019\u00e9nergie.<\/li>\n\n\n\n<li class=\"has-medium-font-size\"><strong>Une ville solidaire<\/strong>, o\u00f9 personne n\u2019est laiss\u00e9 de c\u00f4t\u00e9 : acc\u00e8s aux soins, soutien aux familles, baisse du co\u00fbt de la restauration scolaire, acc\u00e8s aux droits.<\/li>\n\n\n\n<li class=\"has-medium-font-size\"><strong>Une s\u00e9curit\u00e9 publique renforc\u00e9e<\/strong> : lutte d\u00e9termin\u00e9e contre les incivilit\u00e9s et les nuisances li\u00e9es au narcotrafic.<\/li>\n\n\n\n<li class=\"has-medium-font-size\"><strong>Une ville de l\u2019\u00e9mancipation<\/strong>, pour tous les \u00e2ges : \u00e9ducation, culture, sport et vie associative comme leviers d\u2019\u00e9galit\u00e9 et de r\u00e9ussite.<\/li>\n\n\n\n<li class=\"has-medium-font-size\"><strong>Une ville rassembl\u00e9e et audacieuse<\/strong>, fi\u00e8re de son histoire populaire et r\u00e9solument tourn\u00e9e vers l\u2019avenir.<\/li>\n<\/ul>\n\n\n\n<div class=\"wp-block-columns is-layout-flex wp-container-core-columns-is-layout-28f84493 wp-block-columns-is-layout-flex\">\n<div class=\"wp-block-column is-layout-flow wp-block-column-is-layout-flow\" style=\"flex-basis:100%\">\n<div class=\"wp-block-columns is-layout-flex wp-container-core-columns-is-layout-28f84493 wp-block-columns-is-layout-flex\">\n<div class=\"wp-block-column is-layout-flow wp-block-column-is-layout-flow\"><div class=\"wp-block-image animated jackInTheBox is-style-default\">\n<figure class=\"aligncenter size-full is-resized\"><img loading=\"lazy\" decoding=\"async\" width=\"400\" height=\"200\" src=\"https:\/\/www.echirollesensemble.fr\/wp-content\/uploads\/2026\/02\/Mot-manuscrit-AD.png\" alt=\"\" class=\"wp-image-445\" style=\"width:400px;height:auto\" srcset=\"https:\/\/www.echirollesensemble.fr\/wp-content\/uploads\/2026\/02\/Mot-manuscrit-AD.png 400w, https:\/\/www.echirollesensemble.fr\/wp-content\/uploads\/2026\/02\/Mot-manuscrit-AD-300x150.png 300w\" sizes=\"auto, (max-width: 400px) 100vw, 400px\" \/><\/figure>\n<\/div><\/div>\n<\/div>\n<\/div>\n<\/div>\n<\/div><\/div>\n\n\n\n<section id=\"wp-block-themeisle-blocks-advanced-columns-b394b18d\" class=\"wp-block-themeisle-blocks-advanced-columns alignfull has-1-columns has-desktop-equal-layout has-tablet-equal-layout has-mobile-equal-layout has-vertical-center animated slideInUp\"><div class=\"wp-block-themeisle-blocks-advanced-columns-overlay\"><\/div><div class=\"innerblocks-wrap\">\n<div id=\"wp-block-themeisle-blocks-advanced-column-5e67beac\" class=\"wp-block-themeisle-blocks-advanced-column\">\n<h2 class=\"wp-block-heading has-text-align-center has-black-color has-text-color\" style=\"font-size:2.2em\">Notre projet ambitieux pour l&rsquo;avenir de notre ville<\/h2>\n\n\n\n<h4 class=\"wp-block-heading has-text-align-center has-black-color has-text-color\">Solidarit\u00e9, s\u00e9curit\u00e9, environnement, am\u00e9nagements, quotidien&#8230; d\u00e9couvrez les grandes orientations du projet !<\/h4>\n\n\n\n<div class=\"wp-block-buttons is-content-justification-center is-layout-flex wp-container-core-buttons-is-layout-a89b3969 wp-block-buttons-is-layout-flex\">\n<div class=\"wp-block-button\"><a class=\"wp-block-button__link wp-element-button\" href=\"https:\/\/www.echirollesensemble.fr\/index.php\/le-programme\/\">D\u00e9couvrir<\/a><\/div>\n<\/div>\n<\/div>\n<\/div><\/section>\n\n\n\n<div id=\"wp-block-themeisle-blocks-advanced-columns-40db0924\" class=\"wp-block-themeisle-blocks-advanced-columns alignfull has-2-columns has-desktop-equal-layout has-tablet-equal-layout has-mobile-collapsedRows-layout has-vertical-top ticss-c00aadba\"><div class=\"wp-block-themeisle-blocks-advanced-columns-overlay\"><\/div><div class=\"innerblocks-wrap\">\n<div id=\"wp-block-themeisle-blocks-advanced-column-006aede9\" class=\"wp-block-themeisle-blocks-advanced-column\">\n<div id=\"wp-block-themeisle-blocks-font-awesome-icons-2b7e7997\" class=\"wp-block-themeisle-blocks-font-awesome-icons\"><span class=\"wp-block-themeisle-blocks-font-awesome-icons-container\"><svg xmlns=\"http:\/\/www.w3.org\/2000\/svg\" viewBox=\"0 0 1800 1800\"><path d=\"M1768.976,390.693c-18.385-88.021-44.455-175.106-78.13-260.807c-1.895-4.813-3.701-9.645-5.645-14.455 c-19.858-47.839-63.561-81.251-106.271-81.251c-7.987,0-15.769,1.196-22.961,3.491c-84.593,26.491-168.938,58.602-250.511,89.656 c-178.601,68.001-363.281,138.31-555.392,150.404c-22.021,1.429-41.681,8.643-57.019,19.748 c-12.912-10.34-29.055-16.564-46.604-16.564H254.01c-42.107,0-76.362,35.469-76.362,79.066v139.127 c-5.021-1.016-10.208-1.565-15.523-1.565H86.355c-43.307,0-78.543,35.469-78.543,79.066v261.549 c0,43.593,35.236,79.062,78.543,79.062h75.769c5.315,0,10.502-0.55,15.523-1.564v139.136c0,43.598,34.255,79.066,76.362,79.066 h93.205l328.811,570.19c21.968,38.102,62.958,61.771,106.974,61.771c21.528,0,42.811-5.707,61.552-16.513 c58.922-33.991,79.22-109.585,45.246-168.521l-257.742-446.929h14.389c17.559,0,33.701-6.229,46.618-16.578 c15.343,11.104,35.02,18.323,57.067,19.761c192.032,12.085,376.704,82.395,555.292,150.386 c81.585,31.064,165.944,63.183,250.4,89.631c7.346,2.339,15.118,3.525,23.098,3.525c42.709,0,86.412-33.407,106.401-81.532 c1.908-4.726,3.688-9.479,5.549-14.213c33.644-85.572,59.696-172.592,78.076-260.577c15.141-95.359,23.243-203.902,23.243-316.88 C1792.188,594.476,1784.094,486.008,1768.976,390.693z M162.125,854.196H86.355c-8.555,0-15.519-7.192-15.519-16.038V576.609 c0-8.845,6.964-16.042,15.519-16.042h75.769c8.559,0,15.523,7.197,15.523,16.042v261.549 C177.647,847.004,170.684,854.196,162.125,854.196z M835.2,1612.268c16.622,28.83,6.687,65.815-22.135,82.442 c-9.175,5.289-19.572,8.085-30.065,8.085c-21.555,0-41.624-11.58-52.377-30.229l-310.654-538.709h139.334L835.2,1612.268z M646.443,1070.833h-50.737h-72.753H383.624h-72.753H254.01c-7.231,0-13.338-7.346-13.338-16.042V838.158V576.609V359.981 c0-8.845,5.983-16.042,13.338-16.042h392.434c7.364,0,13.352,7.196,13.352,16.042v694.81 C659.795,1063.637,653.807,1070.833,646.443,1070.833z M1327.845,1228.53c-182.979-69.667-372.188-141.704-573.689-154.387 c-18.842-1.227-31.336-11.659-31.336-18.033v-1.319v-694.81v-1.332c0-6.366,12.489-16.802,31.266-18.02 c201.585-12.692,390.807-84.729,573.795-154.4c56.083-21.348,113.498-43.162,171.141-63.231 c-20.847,33.525-39.302,79.743-55.251,138.547c-15.141,55.823-27.055,120.202-35.504,190.01 c-2.563,21.146-4.81,42.771-6.714,64.844c-5.271,61.033-8.04,125.244-8.04,190.981c0,65.746,2.77,129.957,8.04,190.994 c1.904,22.074,4.155,43.699,6.714,64.844c8.449,69.804,20.363,134.177,35.504,190.005c15.949,58.809,34.409,105.03,55.26,138.556 C1441.404,1271.719,1383.958,1249.896,1327.845,1228.53z M1456.536,707.379c0-64.154,2.699-126.677,7.816-185.956 c58.347,23.528,101.1,97.956,101.1,185.96c0,87.999-42.753,162.432-101.096,185.96 C1459.235,834.065,1456.536,771.538,1456.536,707.379z M1706.329,1017.023c-6.938,43.153-15.364,83.374-25.217,119.704 c-15.338,56.563-31.648,94.238-46.371,118.593c-17.805,29.455-33.288,39.399-41.888,39.399c-15.707,0-54.363-33.021-88.258-157.992 c-14.253-52.561-25.521-113.272-33.579-179.265c90.097-26.386,157.46-128.458,157.46-250.079s-67.368-223.688-157.46-250.075 c8.059-65.997,19.326-126.708,33.579-179.269c33.895-124.976,72.555-157.992,88.258-157.992c8.595,0,24.074,9.936,41.87,39.373 c14.728,24.351,31.046,62.035,46.389,118.619c9.883,36.453,18.337,76.828,25.287,120.148 C1750.309,603.387,1750.282,811.917,1706.329,1017.023z\"><\/path><\/svg><\/span><\/div>\n\n\n\n<h2 id=\"wp-block-themeisle-blocks-advanced-heading-8e35b90f\" class=\"wp-block-themeisle-blocks-advanced-heading wp-block-themeisle-blocks-advanced-heading-8e35b90f\">Rejoignez-nous ! <\/h2>\n\n\n\n<h5 class=\"wp-block-heading has-12-font-size\"><strong>Suivez la liste <em>Echirolles ensemble<\/em> et la t\u00eate de liste Amandine Demore sur les r\u00e9seaux !<\/strong><\/h5>\n\n\n\n<ul class=\"wp-block-social-links has-large-icon-size is-style-logos-only is-layout-flex wp-block-social-links-is-layout-flex\"><li class=\"wp-social-link wp-social-link-facebook  wp-block-social-link\"><a href=\"#\" class=\"wp-block-social-link-anchor\"><svg width=\"24\" height=\"24\" viewBox=\"0 0 24 24\" version=\"1.1\" xmlns=\"http:\/\/www.w3.org\/2000\/svg\" aria-hidden=\"true\" focusable=\"false\"><path d=\"M12 2C6.5 2 2 6.5 2 12c0 5 3.7 9.1 8.4 9.9v-7H7.9V12h2.5V9.8c0-2.5 1.5-3.9 3.8-3.9 1.1 0 2.2.2 2.2.2v2.5h-1.3c-1.2 0-1.6.8-1.6 1.6V12h2.8l-.4 2.9h-2.3v7C18.3 21.1 22 17 22 12c0-5.5-4.5-10-10-10z\"><\/path><\/svg><span class=\"wp-block-social-link-label screen-reader-text\">Facebook<\/span><\/a><\/li>\n\n<li class=\"wp-social-link wp-social-link-instagram  wp-block-social-link\"><a href=\"https:\/\/www.instagram.com\/echirolles.ensemble\/?hl=fr\" class=\"wp-block-social-link-anchor\"><svg width=\"24\" height=\"24\" viewBox=\"0 0 24 24\" version=\"1.1\" xmlns=\"http:\/\/www.w3.org\/2000\/svg\" aria-hidden=\"true\" focusable=\"false\"><path d=\"M12,4.622c2.403,0,2.688,0.009,3.637,0.052c0.877,0.04,1.354,0.187,1.671,0.31c0.42,0.163,0.72,0.358,1.035,0.673 c0.315,0.315,0.51,0.615,0.673,1.035c0.123,0.317,0.27,0.794,0.31,1.671c0.043,0.949,0.052,1.234,0.052,3.637 s-0.009,2.688-0.052,3.637c-0.04,0.877-0.187,1.354-0.31,1.671c-0.163,0.42-0.358,0.72-0.673,1.035 c-0.315,0.315-0.615,0.51-1.035,0.673c-0.317,0.123-0.794,0.27-1.671,0.31c-0.949,0.043-1.233,0.052-3.637,0.052 s-2.688-0.009-3.637-0.052c-0.877-0.04-1.354-0.187-1.671-0.31c-0.42-0.163-0.72-0.358-1.035-0.673 c-0.315-0.315-0.51-0.615-0.673-1.035c-0.123-0.317-0.27-0.794-0.31-1.671C4.631,14.688,4.622,14.403,4.622,12 s0.009-2.688,0.052-3.637c0.04-0.877,0.187-1.354,0.31-1.671c0.163-0.42,0.358-0.72,0.673-1.035 c0.315-0.315,0.615-0.51,1.035-0.673c0.317-0.123,0.794-0.27,1.671-0.31C9.312,4.631,9.597,4.622,12,4.622 M12,3 C9.556,3,9.249,3.01,8.289,3.054C7.331,3.098,6.677,3.25,6.105,3.472C5.513,3.702,5.011,4.01,4.511,4.511 c-0.5,0.5-0.808,1.002-1.038,1.594C3.25,6.677,3.098,7.331,3.054,8.289C3.01,9.249,3,9.556,3,12c0,2.444,0.01,2.751,0.054,3.711 c0.044,0.958,0.196,1.612,0.418,2.185c0.23,0.592,0.538,1.094,1.038,1.594c0.5,0.5,1.002,0.808,1.594,1.038 c0.572,0.222,1.227,0.375,2.185,0.418C9.249,20.99,9.556,21,12,21s2.751-0.01,3.711-0.054c0.958-0.044,1.612-0.196,2.185-0.418 c0.592-0.23,1.094-0.538,1.594-1.038c0.5-0.5,0.808-1.002,1.038-1.594c0.222-0.572,0.375-1.227,0.418-2.185 C20.99,14.751,21,14.444,21,12s-0.01-2.751-0.054-3.711c-0.044-0.958-0.196-1.612-0.418-2.185c-0.23-0.592-0.538-1.094-1.038-1.594 c-0.5-0.5-1.002-0.808-1.594-1.038c-0.572-0.222-1.227-0.375-2.185-0.418C14.751,3.01,14.444,3,12,3L12,3z M12,7.378 c-2.552,0-4.622,2.069-4.622,4.622S9.448,16.622,12,16.622s4.622-2.069,4.622-4.622S14.552,7.378,12,7.378z M12,15 c-1.657,0-3-1.343-3-3s1.343-3,3-3s3,1.343,3,3S13.657,15,12,15z M16.804,6.116c-0.596,0-1.08,0.484-1.08,1.08 s0.484,1.08,1.08,1.08c0.596,0,1.08-0.484,1.08-1.08S17.401,6.116,16.804,6.116z\"><\/path><\/svg><span class=\"wp-block-social-link-label screen-reader-text\">Instagram<\/span><\/a><\/li>\n\n<li class=\"wp-social-link wp-social-link-tiktok  wp-block-social-link\"><a href=\"https:\/\/www.tiktok.com\/@amandine.demore?is_from_webapp=1&#038;sender_device=pc\" class=\"wp-block-social-link-anchor\"><svg width=\"24\" height=\"24\" viewBox=\"0 0 32 32\" version=\"1.1\" xmlns=\"http:\/\/www.w3.org\/2000\/svg\" aria-hidden=\"true\" focusable=\"false\"><path d=\"M16.708 0.027c1.745-0.027 3.48-0.011 5.213-0.027 0.105 2.041 0.839 4.12 2.333 5.563 1.491 1.479 3.6 2.156 5.652 2.385v5.369c-1.923-0.063-3.855-0.463-5.6-1.291-0.76-0.344-1.468-0.787-2.161-1.24-0.009 3.896 0.016 7.787-0.025 11.667-0.104 1.864-0.719 3.719-1.803 5.255-1.744 2.557-4.771 4.224-7.88 4.276-1.907 0.109-3.812-0.411-5.437-1.369-2.693-1.588-4.588-4.495-4.864-7.615-0.032-0.667-0.043-1.333-0.016-1.984 0.24-2.537 1.495-4.964 3.443-6.615 2.208-1.923 5.301-2.839 8.197-2.297 0.027 1.975-0.052 3.948-0.052 5.923-1.323-0.428-2.869-0.308-4.025 0.495-0.844 0.547-1.485 1.385-1.819 2.333-0.276 0.676-0.197 1.427-0.181 2.145 0.317 2.188 2.421 4.027 4.667 3.828 1.489-0.016 2.916-0.88 3.692-2.145 0.251-0.443 0.532-0.896 0.547-1.417 0.131-2.385 0.079-4.76 0.095-7.145 0.011-5.375-0.016-10.735 0.025-16.093z\" \/><\/svg><span class=\"wp-block-social-link-label screen-reader-text\">TikTok<\/span><\/a><\/li><\/ul>\n<\/div>\n\n\n\n<div id=\"wp-block-themeisle-blocks-advanced-column-ee3078f9\" class=\"wp-block-themeisle-blocks-advanced-column\">\n<div id=\"wp-block-themeisle-blocks-form-c02278c7\" class=\"wp-block-themeisle-blocks-form\" data-option-name=\"bf9b28ff82ce323187abc5d0feb0d8f07ecd8436_c02278c7\"><form class=\"otter-form__container\">\n<h4 class=\"wp-block-heading\">Envie de rejoindre la campagne ? Une question ? Contactez-nous en remplissant le formulaire ci dessous !<\/h4>\n\n\n\n<div id=\"wp-block-themeisle-blocks-form-input-b7bbe5bf\" class=\"wp-block-themeisle-blocks-form-input\"><label for=\"wp-block-themeisle-blocks-form-input-b7bbe5bf-input\" class=\"otter-form-input-label\"><span class=\"otter-form-input-label__label\">Nom et pr\u00e9nom<\/span><span class=\"required\">*<\/span><\/label><input type=\"text\" id=\"wp-block-themeisle-blocks-form-input-b7bbe5bf-input\" required class=\"otter-form-input\"\/><\/div>\n\n\n\n<div id=\"wp-block-themeisle-blocks-form-input-6cf151a8\" class=\"wp-block-themeisle-blocks-form-input\"><label for=\"wp-block-themeisle-blocks-form-input-6cf151a8-input\" class=\"otter-form-input-label\"><span class=\"otter-form-input-label__label\">Adresse e-mail<\/span><span class=\"required\">*<\/span><\/label><input type=\"email\" id=\"wp-block-themeisle-blocks-form-input-6cf151a8-input\" required class=\"otter-form-input\"\/><\/div>\n\n\n\n<div id=\"wp-block-themeisle-blocks-form-input-1cc3d7db\" class=\"wp-block-themeisle-blocks-form-input\"><label for=\"wp-block-themeisle-blocks-form-input-1cc3d7db-input\" class=\"otter-form-input-label\"><span class=\"otter-form-input-label__label\">T\u00e9l\u00e9phone<\/span><\/label><input type=\"email\" id=\"wp-block-themeisle-blocks-form-input-1cc3d7db-input\" class=\"otter-form-input\"\/><\/div>\n\n\n\n<div id=\"wp-block-themeisle-blocks-form-input-3512e4fc\" class=\"wp-block-themeisle-blocks-form-input\"><label for=\"wp-block-themeisle-blocks-form-input-3512e4fc-input\" class=\"otter-form-input-label\"><span class=\"otter-form-input-label__label\">Adresse postale<\/span><span class=\"required\">*<\/span><\/label><input type=\"email\" id=\"wp-block-themeisle-blocks-form-input-3512e4fc-input\" required class=\"otter-form-input\"\/><\/div>\n\n\n<div class=\"is-style-hidden-label wp-block-themeisle-blocks-form-multiple-choice\" id=\"wp-block-themeisle-blocks-form-multiple-choice-d69c7dfb\"><label class=\"otter-form-input-label\" ><span class=\"required\">*<\/span><\/label><div class=\"o-form-choices\"><div class=\"o-form-multiple-choice-field\"><input type=\"checkbox\" name=\"wp-block-themeisle-blocks-form-multiple-choice-d69c7dfb\" id=\"field-J&#039;accepte_d&#039;\u00eatre_recontact\u00e9\u00b7e_dans_le_cadre_de_la_campagne\" value=\"J&#039;accepte_d&#039;\u00eatre_recontact\u00e9\u00b7e_dans_le_cadre_de_la_campagne\" required \/><label for=\"field-J&#039;accepte_d&#039;\u00eatre_recontact\u00e9\u00b7e_dans_le_cadre_de_la_campagne\" class=\"o-form-choice-label\">J&rsquo;accepte d&rsquo;\u00eatre recontact\u00e9\u00b7e dans le cadre de la campagne<\/label><\/div><\/div><span class=\"o-form-help\"><\/span><\/div>\n\n\n<p class=\"has-extra-small-font-size\"><em>En envoyant ce formulaire, vous accepter de nous transmettre les donn\u00e9es ci-dessus uniquement dans le cadre de la campagne. Consultez notre politique de confidentialit\u00e9 pour en savoir plus.<\/em><\/p>\n\n\n<div class=\"protection\" aria-hidden=\"true\"><input type=\"hidden\" id=\"wp-block-themeisle-blocks-form-c02278c7_nonce_field\" name=\"wp-block-themeisle-blocks-form-c02278c7_nonce_field\" value=\"253ece5661\" \/><input type=\"hidden\" name=\"_wp_http_referer\" value=\"\/index.php\/wp-json\/wp\/v2\/pages\/93\" \/><input class=\"o-anti-bot\" type=\"checkbox\"><\/div><div class=\"wp-block-button\"><button class=\"wp-block-button__link\" type=\"submit\">Envoyer<\/button><\/div><\/form><\/div>\n<\/div>\n<\/div><\/div>\n","protected":false},"excerpt":{"rendered":"<p>Maire d\u2019\u00c9chirolles depuis deux ans, je m\u2019engage chaque jour \u00e0 \u00eatre \u00e0 vos c\u00f4t\u00e9s, \u00e0 votre \u00e9coute, dans tous les quartiers. Avec la liste \u00c9chirolles Ensemble, je vous propose de poursuivre une dynamique fond\u00e9e sur l\u2019action concr\u00e8te, la proximit\u00e9 et la justice sociale, pour une ville qui prot\u00e8ge, qui rassemble [&hellip;]<\/p>\n","protected":false},"author":1,"featured_media":192,"parent":0,"menu_order":0,"comment_status":"closed","ping_status":"closed","template":"page-templates\/template-pagebuilder-full-width.php","meta":{"_themeisle_gutenberg_block_has_review":false,"footnotes":""},"class_list":["post-93","page","type-page","status-publish","has-post-thumbnail","hentry"],"_links":{"self":[{"href":"https:\/\/www.echirollesensemble.fr\/index.php\/wp-json\/wp\/v2\/pages\/93","targetHints":{"allow":["GET"]}}],"collection":[{"href":"https:\/\/www.echirollesensemble.fr\/index.php\/wp-json\/wp\/v2\/pages"}],"about":[{"href":"https:\/\/www.echirollesensemble.fr\/index.php\/wp-json\/wp\/v2\/types\/page"}],"author":[{"embeddable":true,"href":"https:\/\/www.echirollesensemble.fr\/index.php\/wp-json\/wp\/v2\/users\/1"}],"replies":[{"embeddable":true,"href":"https:\/\/www.echirollesensemble.fr\/index.php\/wp-json\/wp\/v2\/comments?post=93"}],"version-history":[{"count":95,"href":"https:\/\/www.echirollesensemble.fr\/index.php\/wp-json\/wp\/v2\/pages\/93\/revisions"}],"predecessor-version":[{"id":739,"href":"https:\/\/www.echirollesensemble.fr\/index.php\/wp-json\/wp\/v2\/pages\/93\/revisions\/739"}],"wp:featuredmedia":[{"embeddable":true,"href":"https:\/\/www.echirollesensemble.fr\/index.php\/wp-json\/wp\/v2\/media\/192"}],"wp:attachment":[{"href":"https:\/\/www.echirollesensemble.fr\/index.php\/wp-json\/wp\/v2\/media?parent=93"}],"curies":[{"name":"wp","href":"https:\/\/api.w.org\/{rel}","templated":true}]}}